{"id":2053,"date":"2025-01-15T14:07:29","date_gmt":"2025-01-15T14:07:29","guid":{"rendered":"https:\/\/eznpp.beeweb-orange.io\/?post_type=product&#038;p=2053"},"modified":"2026-03-31T11:21:41","modified_gmt":"2026-03-31T11:21:41","slug":"dasa-forester-office","status":"publish","type":"product","link":"https:\/\/dasa.se\/sv\/produkt\/dasa-forester-office\/","title":{"rendered":"Dasa Forester Office"},"content":{"rendered":"<p>Med Dasa Forester Office f\u00e5r du en flexibel och l\u00e4ttanv\u00e4nd programvara f\u00f6r administration av apteringsinstruktioner. Dasa Forester Office \u00e4r utvecklat i n\u00e4ra samarbete med svenska skogsbolag som S\u00f6dra, Mellanskog, Vida, Norrskog och Derome. Forester Office st\u00f6djer StanForD 2010.<\/p>\n<p>I Dasa Forester Office kan man skapa avverkningskontrakt, produktinstruktioner och sortimentsinstruktioner och det \u00e4r m\u00f6jligt att fullt ut anv\u00e4nda alla styrparametrar som finns i StanForD 2010. Parametrarna kan exporteras till sk\u00f6rdaren som enskilda filer eller som kuvert.<\/p>\n<p>Skapa och redigera prislistor per enskilt sortiment; En prislista kan skapas som en radprislista, matrisprislista eller en kombination av b\u00e5da. ForesterOffice genererar \\*.PIN- eller \\*.APM-filer som kan anv\u00e4ndas tillsammans med apteringsinstruktionerna f\u00f6r att skapa kontrollistan f\u00f6r sk\u00f6rdaren.<\/p>\n<p>Skapa och redigera apteringsinstruktioner f\u00f6r sk\u00f6rdare; I ForesterOffice kan man skapa avverkningskontrakt, produktinstruktioner och sortimentsinstruktioner och det \u00e4r m\u00f6jligt att fullt ut anv\u00e4nda alla styrparametrar som finns i StanForD 2010. Parametrarna kan exporteras till sk\u00f6rdaren som enskilda filer eller som kuvert.<\/p>","protected":false},"excerpt":{"rendered":"<p>Dasa Forester Office \u00e4r en flexibel och l\u00e4ttanv\u00e4nd programvara f\u00f6r administration av bockinstruktioner.<\/p>","protected":false},"featured_media":2054,"template":"","meta":[],"product_brand":[],"product_cat":[58],"product_tag":[],"class_list":{"0":"post-2053","1":"product","2":"type-product","3":"status-publish","4":"has-post-thumbnail","6":"product_cat-stanford-software","8":"first","9":"instock","10":"shipping-taxable","11":"product-type-simple"},"yoast_head":"<!-- This site is optimized with the Yoast SEO plugin v26.7 - https:\/\/yoast.com\/wordpress\/plugins\/seo\/ -->\n<title>Dasa Forester Office \u2013 Simplify Log Bucking Admin<\/title>\n<meta name=\"description\" content=\"Simplify your log bucking administration with Dasa Forester Office. Manage data, production, and machine settings with ease. Discover the benefits here!\" \/>\n<meta name=\"robots\" content=\"index, follow, max-snippet:-1, max-image-preview:large, max-video-preview:-1\" \/>\n<link rel=\"canonical\" href=\"https:\/\/dasa.se\/sv\/produkt\/dasa-forester-office\/\" \/>\n<meta property=\"og:locale\" content=\"sv_SE\" \/>\n<meta property=\"og:type\" content=\"article\" \/>\n<meta property=\"og:title\" content=\"Dasa Forester Office \u2013 Simplify Log Bucking Admin\" \/>\n<meta property=\"og:description\" content=\"Simplify your log bucking administration with Dasa Forester Office. Manage data, production, and machine settings with ease. Discover the benefits here!\" \/>\n<meta property=\"og:url\" content=\"https:\/\/dasa.se\/sv\/produkt\/dasa-forester-office\/\" \/>\n<meta property=\"og:site_name\" content=\"Dasa: High-Performance Machine Control Systems\" \/>\n<meta property=\"article:modified_time\" content=\"2026-03-31T11:21:41+00:00\" \/>\n<meta property=\"og:image\" content=\"https:\/\/dasa.se\/wp-content\/uploads\/2025\/01\/Dasa-Forester-Office_01.png\" \/>\n\t<meta property=\"og:image:width\" content=\"700\" \/>\n\t<meta property=\"og:image:height\" content=\"636\" \/>\n\t<meta property=\"og:image:type\" content=\"image\/png\" \/>\n<meta name=\"twitter:card\" content=\"summary_large_image\" \/>\n<meta name=\"twitter:label1\" content=\"Ber\u00e4knad l\u00e4stid\" \/>\n\t<meta name=\"twitter:data1\" content=\"2 minuter\" \/>\n<script type=\"application\/ld+json\" class=\"yoast-schema-graph\">{\"@context\":\"https:\/\/schema.org\",\"@graph\":[{\"@type\":[\"WebPage\",\"ItemPage\"],\"@id\":\"https:\/\/dasa.se\/product\/dasa-forester-office\/\",\"url\":\"https:\/\/dasa.se\/product\/dasa-forester-office\/\",\"name\":\"Dasa Forester Office \u2013 Simplify Log Bucking Admin\",\"isPartOf\":{\"@id\":\"https:\/\/dasa.se\/#website\"},\"primaryImageOfPage\":{\"@id\":\"https:\/\/dasa.se\/product\/dasa-forester-office\/#primaryimage\"},\"image\":{\"@id\":\"https:\/\/dasa.se\/product\/dasa-forester-office\/#primaryimage\"},\"thumbnailUrl\":\"https:\/\/dasa.se\/wp-content\/uploads\/2025\/01\/Dasa-Forester-Office_01.png\",\"datePublished\":\"2025-01-15T14:07:29+00:00\",\"dateModified\":\"2026-03-31T11:21:41+00:00\",\"description\":\"Simplify your log bucking administration with Dasa Forester Office. Manage data, production, and machine settings with ease. Discover the benefits here!\",\"breadcrumb\":{\"@id\":\"https:\/\/dasa.se\/product\/dasa-forester-office\/#breadcrumb\"},\"inLanguage\":\"sv-SE\",\"potentialAction\":[{\"@type\":\"ReadAction\",\"target\":[\"https:\/\/dasa.se\/product\/dasa-forester-office\/\"]}]},{\"@type\":\"ImageObject\",\"inLanguage\":\"sv-SE\",\"@id\":\"https:\/\/dasa.se\/product\/dasa-forester-office\/#primaryimage\",\"url\":\"https:\/\/dasa.se\/wp-content\/uploads\/2025\/01\/Dasa-Forester-Office_01.png\",\"contentUrl\":\"https:\/\/dasa.se\/wp-content\/uploads\/2025\/01\/Dasa-Forester-Office_01.png\",\"width\":700,\"height\":636,\"caption\":\"Alt text: A screenshot of the ForesterOffice desktop application showing product configuration tabs and multiple tables with product names, IDs, diameter-based price matrices and length-correction settings; published on www.dasa.se.\"},{\"@type\":\"BreadcrumbList\",\"@id\":\"https:\/\/dasa.se\/product\/dasa-forester-office\/#breadcrumb\",\"itemListElement\":[{\"@type\":\"ListItem\",\"position\":1,\"name\":\"Home\",\"item\":\"https:\/\/dasa.se\/\"},{\"@type\":\"ListItem\",\"position\":2,\"name\":\"do not remove!\",\"item\":\"https:\/\/dasa.se\/?page_id=876\"},{\"@type\":\"ListItem\",\"position\":3,\"name\":\"Dasa Forester Office\"}]},{\"@type\":\"WebSite\",\"@id\":\"https:\/\/dasa.se\/#website\",\"url\":\"https:\/\/dasa.se\/\",\"name\":\"Dasa: High-Performance Machine Control Systems\",\"description\":\"\",\"publisher\":{\"@id\":\"https:\/\/dasa.se\/#organization\"},\"potentialAction\":[{\"@type\":\"SearchAction\",\"target\":{\"@type\":\"EntryPoint\",\"urlTemplate\":\"https:\/\/dasa.se\/?s={search_term_string}\"},\"query-input\":{\"@type\":\"PropertyValueSpecification\",\"valueRequired\":true,\"valueName\":\"search_term_string\"}}],\"inLanguage\":\"sv-SE\"},{\"@type\":\"Organization\",\"@id\":\"https:\/\/dasa.se\/#organization\",\"name\":\"Dasa: High-Performance Machine Control Systems\",\"url\":\"https:\/\/dasa.se\/\",\"logo\":{\"@type\":\"ImageObject\",\"inLanguage\":\"sv-SE\",\"@id\":\"https:\/\/dasa.se\/#\/schema\/logo\/image\/\",\"url\":\"https:\/\/dasa.se\/wp-content\/uploads\/2024\/10\/logo3.png\",\"contentUrl\":\"https:\/\/dasa.se\/wp-content\/uploads\/2024\/10\/logo3.png\",\"width\":1000,\"height\":320,\"caption\":\"Dasa: High-Performance Machine Control Systems\"},\"image\":{\"@id\":\"https:\/\/dasa.se\/#\/schema\/logo\/image\/\"},\"sameAs\":[\"https:\/\/www.linkedin.com\/company\/dasa-control-systems\/\"]}]}<\/script>\n<!-- \/ Yoast SEO plugin. -->","yoast_head_json":{"title":"Dasa Forester Office - F\u00f6renkla administrationen av timmerhuggning","description":"F\u00f6renkla din timmerhantering med Dasa Forester Office. Hantera data, produktion och maskininst\u00e4llningar enkelt. Uppt\u00e4ck f\u00f6rdelarna h\u00e4r!","robots":{"index":"index","follow":"follow","max-snippet":"max-snippet:-1","max-image-preview":"max-image-preview:large","max-video-preview":"max-video-preview:-1"},"canonical":"https:\/\/dasa.se\/sv\/produkt\/dasa-forester-office\/","og_locale":"sv_SE","og_type":"article","og_title":"Dasa Forester Office \u2013 Simplify Log Bucking Admin","og_description":"Simplify your log bucking administration with Dasa Forester Office. Manage data, production, and machine settings with ease. Discover the benefits here!","og_url":"https:\/\/dasa.se\/sv\/produkt\/dasa-forester-office\/","og_site_name":"Dasa: High-Performance Machine Control Systems","article_modified_time":"2026-03-31T11:21:41+00:00","og_image":[{"width":700,"height":636,"url":"https:\/\/dasa.se\/wp-content\/uploads\/2025\/01\/Dasa-Forester-Office_01.png","type":"image\/png"}],"twitter_card":"summary_large_image","twitter_misc":{"Ber\u00e4knad l\u00e4stid":"2 minuter"},"schema":{"@context":"https:\/\/schema.org","@graph":[{"@type":["WebPage","ItemPage"],"@id":"https:\/\/dasa.se\/product\/dasa-forester-office\/","url":"https:\/\/dasa.se\/product\/dasa-forester-office\/","name":"Dasa Forester Office - F\u00f6renkla administrationen av timmerhuggning","isPartOf":{"@id":"https:\/\/dasa.se\/#website"},"primaryImageOfPage":{"@id":"https:\/\/dasa.se\/product\/dasa-forester-office\/#primaryimage"},"image":{"@id":"https:\/\/dasa.se\/product\/dasa-forester-office\/#primaryimage"},"thumbnailUrl":"https:\/\/dasa.se\/wp-content\/uploads\/2025\/01\/Dasa-Forester-Office_01.png","datePublished":"2025-01-15T14:07:29+00:00","dateModified":"2026-03-31T11:21:41+00:00","description":"F\u00f6renkla din timmerhantering med Dasa Forester Office. Hantera data, produktion och maskininst\u00e4llningar enkelt. Uppt\u00e4ck f\u00f6rdelarna h\u00e4r!","breadcrumb":{"@id":"https:\/\/dasa.se\/product\/dasa-forester-office\/#breadcrumb"},"inLanguage":"sv-SE","potentialAction":[{"@type":"ReadAction","target":["https:\/\/dasa.se\/product\/dasa-forester-office\/"]}]},{"@type":"ImageObject","inLanguage":"sv-SE","@id":"https:\/\/dasa.se\/product\/dasa-forester-office\/#primaryimage","url":"https:\/\/dasa.se\/wp-content\/uploads\/2025\/01\/Dasa-Forester-Office_01.png","contentUrl":"https:\/\/dasa.se\/wp-content\/uploads\/2025\/01\/Dasa-Forester-Office_01.png","width":700,"height":636,"caption":"Alt text: A screenshot of the ForesterOffice desktop application showing product configuration tabs and multiple tables with product names, IDs, diameter-based price matrices and length-correction settings; published on www.dasa.se."},{"@type":"BreadcrumbList","@id":"https:\/\/dasa.se\/product\/dasa-forester-office\/#breadcrumb","itemListElement":[{"@type":"ListItem","position":1,"name":"Home","item":"https:\/\/dasa.se\/"},{"@type":"ListItem","position":2,"name":"do not remove!","item":"https:\/\/dasa.se\/?page_id=876"},{"@type":"ListItem","position":3,"name":"Dasa Forester Office"}]},{"@type":"WebSite","@id":"https:\/\/dasa.se\/#website","url":"https:\/\/dasa.se\/","name":"Dasa: Styrsystem f\u00f6r h\u00f6gpresterande maskiner","description":"","publisher":{"@id":"https:\/\/dasa.se\/#organization"},"potentialAction":[{"@type":"SearchAction","target":{"@type":"EntryPoint","urlTemplate":"https:\/\/dasa.se\/?s={search_term_string}"},"query-input":{"@type":"PropertyValueSpecification","valueRequired":true,"valueName":"search_term_string"}}],"inLanguage":"sv-SE"},{"@type":"Organization","@id":"https:\/\/dasa.se\/#organization","name":"Dasa: Styrsystem f\u00f6r h\u00f6gpresterande maskiner","url":"https:\/\/dasa.se\/","logo":{"@type":"ImageObject","inLanguage":"sv-SE","@id":"https:\/\/dasa.se\/#\/schema\/logo\/image\/","url":"https:\/\/dasa.se\/wp-content\/uploads\/2024\/10\/logo3.png","contentUrl":"https:\/\/dasa.se\/wp-content\/uploads\/2024\/10\/logo3.png","width":1000,"height":320,"caption":"Dasa: High-Performance Machine Control Systems"},"image":{"@id":"https:\/\/dasa.se\/#\/schema\/logo\/image\/"},"sameAs":["https:\/\/www.linkedin.com\/company\/dasa-control-systems\/"]}]}},"_links":{"self":[{"href":"https:\/\/dasa.se\/sv\/wp-json\/wp\/v2\/product\/2053","targetHints":{"allow":["GET"]}}],"collection":[{"href":"https:\/\/dasa.se\/sv\/wp-json\/wp\/v2\/product"}],"about":[{"href":"https:\/\/dasa.se\/sv\/wp-json\/wp\/v2\/types\/product"}],"wp:featuredmedia":[{"embeddable":true,"href":"https:\/\/dasa.se\/sv\/wp-json\/wp\/v2\/media\/2054"}],"wp:attachment":[{"href":"https:\/\/dasa.se\/sv\/wp-json\/wp\/v2\/media?parent=2053"}],"wp:term":[{"taxonomy":"product_brand","embeddable":true,"href":"https:\/\/dasa.se\/sv\/wp-json\/wp\/v2\/product_brand?post=2053"},{"taxonomy":"product_cat","embeddable":true,"href":"https:\/\/dasa.se\/sv\/wp-json\/wp\/v2\/product_cat?post=2053"},{"taxonomy":"product_tag","embeddable":true,"href":"https:\/\/dasa.se\/sv\/wp-json\/wp\/v2\/product_tag?post=2053"}],"curies":[{"name":"wp","href":"https:\/\/api.w.org\/{rel}","templated":true}]}}