{"id":873,"date":"2024-10-07T16:06:04","date_gmt":"2024-10-07T16:06:04","guid":{"rendered":"https:\/\/eznpp.beeweb-orange.io\/?post_type=product&#038;p=873"},"modified":"2025-11-24T14:59:29","modified_gmt":"2025-11-24T14:59:29","slug":"dop50c","status":"publish","type":"product","link":"https:\/\/dasa.se\/sv\/produkt\/dop50c\/","title":{"rendered":"dOP50C Dator"},"content":{"rendered":"<p>RED-DA-kompatibel Windows 11-baserad 12,1\u201d peksk\u00e4rmsdator \u00e4r utformad f\u00f6r att uppfylla kraven och behoven i professionella skogsbruksapplikationer. Den kan d\u00e4rf\u00f6r anv\u00e4ndas i ett stort antal mobila arbetsmaskiner och i kommersiella fordon d\u00e4r tuffa milj\u00f6krav kombineras med h\u00f6ga prestandabehov.<\/p>","protected":false},"excerpt":{"rendered":"<p>Dator f\u00f6r mobila skogsbruksapplikationer (Windows 11) med integrerad 12,1\u2033 peksk\u00e4rm.<\/p>","protected":false},"featured_media":2418,"template":"","meta":[],"product_brand":[],"product_cat":[82,36,37,77],"product_tag":[],"class_list":{"0":"post-873","1":"product","2":"type-product","3":"status-publish","4":"has-post-thumbnail","6":"product_cat-bucking-hardware-wireless1","7":"product_cat-bucking-hardware-wired7","8":"product_cat-forwarding-hardware","9":"product_cat-bunching-hardware","11":"first","12":"instock","13":"shipping-taxable","14":"product-type-simple"},"yoast_head":"<!-- This site is optimized with the Yoast SEO plugin v26.7 - https:\/\/yoast.com\/wordpress\/plugins\/seo\/ -->\n<title>dOP50C Computer \u2013Log Bucking Hardware for Mobile Applications<\/title>\n<meta name=\"robots\" content=\"index, follow, max-snippet:-1, max-image-preview:large, max-video-preview:-1\" \/>\n<link rel=\"canonical\" href=\"https:\/\/dasa.se\/sv\/produkt\/dop50c\/\" \/>\n<meta property=\"og:locale\" content=\"sv_SE\" \/>\n<meta property=\"og:type\" content=\"article\" \/>\n<meta property=\"og:title\" content=\"dOP50C Computer \u2013Log Bucking Hardware for Mobile Applications\" \/>\n<meta property=\"og:description\" content=\"Computer for mobile forestry\u00a0 applications (Windows 11) with Integrated 12.1&quot; touchscreen.\" \/>\n<meta property=\"og:url\" content=\"https:\/\/dasa.se\/sv\/produkt\/dop50c\/\" \/>\n<meta property=\"og:site_name\" content=\"Dasa: High-Performance Machine Control Systems\" \/>\n<meta property=\"article:modified_time\" content=\"2025-11-24T14:59:29+00:00\" \/>\n<meta property=\"og:image\" content=\"https:\/\/dasa.se\/wp-content\/uploads\/2025\/06\/dop50-computer.png\" \/>\n\t<meta property=\"og:image:width\" content=\"1000\" \/>\n\t<meta property=\"og:image:height\" content=\"756\" \/>\n\t<meta property=\"og:image:type\" content=\"image\/png\" \/>\n<meta name=\"twitter:card\" content=\"summary_large_image\" \/>\n<meta name=\"twitter:label1\" content=\"Ber\u00e4knad l\u00e4stid\" \/>\n\t<meta name=\"twitter:data1\" content=\"1 minut\" \/>\n<script type=\"application\/ld+json\" class=\"yoast-schema-graph\">{\"@context\":\"https:\/\/schema.org\",\"@graph\":[{\"@type\":[\"WebPage\",\"ItemPage\"],\"@id\":\"https:\/\/dasa.se\/product\/dop50c\/\",\"url\":\"https:\/\/dasa.se\/product\/dop50c\/\",\"name\":\"dOP50C Computer \u2013Log Bucking Hardware for Mobile Applications\",\"isPartOf\":{\"@id\":\"https:\/\/dasa.se\/#website\"},\"primaryImageOfPage\":{\"@id\":\"https:\/\/dasa.se\/product\/dop50c\/#primaryimage\"},\"image\":{\"@id\":\"https:\/\/dasa.se\/product\/dop50c\/#primaryimage\"},\"thumbnailUrl\":\"https:\/\/dasa.se\/wp-content\/uploads\/2025\/06\/dop50-computer.png\",\"datePublished\":\"2024-10-07T16:06:04+00:00\",\"dateModified\":\"2025-11-24T14:59:29+00:00\",\"breadcrumb\":{\"@id\":\"https:\/\/dasa.se\/product\/dop50c\/#breadcrumb\"},\"inLanguage\":\"sv-SE\",\"potentialAction\":[{\"@type\":\"ReadAction\",\"target\":[\"https:\/\/dasa.se\/product\/dop50c\/\"]}]},{\"@type\":\"ImageObject\",\"inLanguage\":\"sv-SE\",\"@id\":\"https:\/\/dasa.se\/product\/dop50c\/#primaryimage\",\"url\":\"https:\/\/dasa.se\/wp-content\/uploads\/2025\/06\/dop50-computer.png\",\"contentUrl\":\"https:\/\/dasa.se\/wp-content\/uploads\/2025\/06\/dop50-computer.png\",\"width\":1000,\"height\":756,\"caption\":\"Black rectangular touchscreen display photographed at an angle on a plain background, published on www.dasa.se.\"},{\"@type\":\"BreadcrumbList\",\"@id\":\"https:\/\/dasa.se\/product\/dop50c\/#breadcrumb\",\"itemListElement\":[{\"@type\":\"ListItem\",\"position\":1,\"name\":\"Home\",\"item\":\"https:\/\/dasa.se\/\"},{\"@type\":\"ListItem\",\"position\":2,\"name\":\"do not remove!\",\"item\":\"https:\/\/dasa.se\/?page_id=876\"},{\"@type\":\"ListItem\",\"position\":3,\"name\":\"dOP50C Computer\"}]},{\"@type\":\"WebSite\",\"@id\":\"https:\/\/dasa.se\/#website\",\"url\":\"https:\/\/dasa.se\/\",\"name\":\"Dasa: High-Performance Machine Control Systems\",\"description\":\"\",\"publisher\":{\"@id\":\"https:\/\/dasa.se\/#organization\"},\"potentialAction\":[{\"@type\":\"SearchAction\",\"target\":{\"@type\":\"EntryPoint\",\"urlTemplate\":\"https:\/\/dasa.se\/?s={search_term_string}\"},\"query-input\":{\"@type\":\"PropertyValueSpecification\",\"valueRequired\":true,\"valueName\":\"search_term_string\"}}],\"inLanguage\":\"sv-SE\"},{\"@type\":\"Organization\",\"@id\":\"https:\/\/dasa.se\/#organization\",\"name\":\"Dasa: High-Performance Machine Control Systems\",\"url\":\"https:\/\/dasa.se\/\",\"logo\":{\"@type\":\"ImageObject\",\"inLanguage\":\"sv-SE\",\"@id\":\"https:\/\/dasa.se\/#\/schema\/logo\/image\/\",\"url\":\"https:\/\/dasa.se\/wp-content\/uploads\/2024\/10\/logo3.png\",\"contentUrl\":\"https:\/\/dasa.se\/wp-content\/uploads\/2024\/10\/logo3.png\",\"width\":1000,\"height\":320,\"caption\":\"Dasa: High-Performance Machine Control Systems\"},\"image\":{\"@id\":\"https:\/\/dasa.se\/#\/schema\/logo\/image\/\"},\"sameAs\":[\"https:\/\/www.linkedin.com\/company\/dasa-control-systems\/\"]}]}<\/script>\n<!-- \/ Yoast SEO plugin. -->","yoast_head_json":{"title":"dOP50C Dator -Loggs\u00e4kring H\u00e5rdvara f\u00f6r mobila applikationer","robots":{"index":"index","follow":"follow","max-snippet":"max-snippet:-1","max-image-preview":"max-image-preview:large","max-video-preview":"max-video-preview:-1"},"canonical":"https:\/\/dasa.se\/sv\/produkt\/dop50c\/","og_locale":"sv_SE","og_type":"article","og_title":"dOP50C Computer \u2013Log Bucking Hardware for Mobile Applications","og_description":"Computer for mobile forestry\u00a0 applications (Windows 11) with Integrated 12.1\" touchscreen.","og_url":"https:\/\/dasa.se\/sv\/produkt\/dop50c\/","og_site_name":"Dasa: High-Performance Machine Control Systems","article_modified_time":"2025-11-24T14:59:29+00:00","og_image":[{"width":1000,"height":756,"url":"https:\/\/dasa.se\/wp-content\/uploads\/2025\/06\/dop50-computer.png","type":"image\/png"}],"twitter_card":"summary_large_image","twitter_misc":{"Ber\u00e4knad l\u00e4stid":"1 minut"},"schema":{"@context":"https:\/\/schema.org","@graph":[{"@type":["WebPage","ItemPage"],"@id":"https:\/\/dasa.se\/product\/dop50c\/","url":"https:\/\/dasa.se\/product\/dop50c\/","name":"dOP50C Dator -Loggs\u00e4kring H\u00e5rdvara f\u00f6r mobila applikationer","isPartOf":{"@id":"https:\/\/dasa.se\/#website"},"primaryImageOfPage":{"@id":"https:\/\/dasa.se\/product\/dop50c\/#primaryimage"},"image":{"@id":"https:\/\/dasa.se\/product\/dop50c\/#primaryimage"},"thumbnailUrl":"https:\/\/dasa.se\/wp-content\/uploads\/2025\/06\/dop50-computer.png","datePublished":"2024-10-07T16:06:04+00:00","dateModified":"2025-11-24T14:59:29+00:00","breadcrumb":{"@id":"https:\/\/dasa.se\/product\/dop50c\/#breadcrumb"},"inLanguage":"sv-SE","potentialAction":[{"@type":"ReadAction","target":["https:\/\/dasa.se\/product\/dop50c\/"]}]},{"@type":"ImageObject","inLanguage":"sv-SE","@id":"https:\/\/dasa.se\/product\/dop50c\/#primaryimage","url":"https:\/\/dasa.se\/wp-content\/uploads\/2025\/06\/dop50-computer.png","contentUrl":"https:\/\/dasa.se\/wp-content\/uploads\/2025\/06\/dop50-computer.png","width":1000,"height":756,"caption":"Black rectangular touchscreen display photographed at an angle on a plain background, published on www.dasa.se."},{"@type":"BreadcrumbList","@id":"https:\/\/dasa.se\/product\/dop50c\/#breadcrumb","itemListElement":[{"@type":"ListItem","position":1,"name":"Home","item":"https:\/\/dasa.se\/"},{"@type":"ListItem","position":2,"name":"do not remove!","item":"https:\/\/dasa.se\/?page_id=876"},{"@type":"ListItem","position":3,"name":"dOP50C Computer"}]},{"@type":"WebSite","@id":"https:\/\/dasa.se\/#website","url":"https:\/\/dasa.se\/","name":"Dasa: Styrsystem f\u00f6r h\u00f6gpresterande maskiner","description":"","publisher":{"@id":"https:\/\/dasa.se\/#organization"},"potentialAction":[{"@type":"SearchAction","target":{"@type":"EntryPoint","urlTemplate":"https:\/\/dasa.se\/?s={search_term_string}"},"query-input":{"@type":"PropertyValueSpecification","valueRequired":true,"valueName":"search_term_string"}}],"inLanguage":"sv-SE"},{"@type":"Organization","@id":"https:\/\/dasa.se\/#organization","name":"Dasa: Styrsystem f\u00f6r h\u00f6gpresterande maskiner","url":"https:\/\/dasa.se\/","logo":{"@type":"ImageObject","inLanguage":"sv-SE","@id":"https:\/\/dasa.se\/#\/schema\/logo\/image\/","url":"https:\/\/dasa.se\/wp-content\/uploads\/2024\/10\/logo3.png","contentUrl":"https:\/\/dasa.se\/wp-content\/uploads\/2024\/10\/logo3.png","width":1000,"height":320,"caption":"Dasa: High-Performance Machine Control Systems"},"image":{"@id":"https:\/\/dasa.se\/#\/schema\/logo\/image\/"},"sameAs":["https:\/\/www.linkedin.com\/company\/dasa-control-systems\/"]}]}},"_links":{"self":[{"href":"https:\/\/dasa.se\/sv\/wp-json\/wp\/v2\/product\/873","targetHints":{"allow":["GET"]}}],"collection":[{"href":"https:\/\/dasa.se\/sv\/wp-json\/wp\/v2\/product"}],"about":[{"href":"https:\/\/dasa.se\/sv\/wp-json\/wp\/v2\/types\/product"}],"wp:featuredmedia":[{"embeddable":true,"href":"https:\/\/dasa.se\/sv\/wp-json\/wp\/v2\/media\/2418"}],"wp:attachment":[{"href":"https:\/\/dasa.se\/sv\/wp-json\/wp\/v2\/media?parent=873"}],"wp:term":[{"taxonomy":"product_brand","embeddable":true,"href":"https:\/\/dasa.se\/sv\/wp-json\/wp\/v2\/product_brand?post=873"},{"taxonomy":"product_cat","embeddable":true,"href":"https:\/\/dasa.se\/sv\/wp-json\/wp\/v2\/product_cat?post=873"},{"taxonomy":"product_tag","embeddable":true,"href":"https:\/\/dasa.se\/sv\/wp-json\/wp\/v2\/product_tag?post=873"}],"curies":[{"name":"wp","href":"https:\/\/api.w.org\/{rel}","templated":true}]}}