{"id":948,"date":"2024-11-13T09:41:44","date_gmt":"2024-11-13T09:41:44","guid":{"rendered":"https:\/\/eznpp.beeweb-orange.io\/?post_type=product&#038;p=948"},"modified":"2025-11-24T14:57:16","modified_gmt":"2025-11-24T14:57:16","slug":"dasa-fleet-f","status":"publish","type":"product","link":"https:\/\/dasa.se\/sv\/produkt\/dasa-fleet-f\/","title":{"rendered":"Dasa Fleet Programvara f\u00f6r vagnparkshantering"},"content":{"rendered":"<p>L\u00f6sningen Dasa Fleet underl\u00e4ttar uppf\u00f6ljningen av en fordonsflotta, dvs. fleet management, och presenterar information som ger underlag f\u00f6r att se m\u00f6nster och dra slutsatser som f\u00f6rb\u00e4ttrar produktiviteten. Dasa Fleet hj\u00e4lper de olika intressenterna i ett maskinsystem att fokusera p\u00e5 den information som \u00e4r viktig f\u00f6r den enskilde anv\u00e4ndaren. \u00c4garen av en maskinpark f\u00e5r hj\u00e4lp med att f\u00f6lja upp ekonomin genom att m\u00e4ta produktivitet, br\u00e4nslef\u00f6rbrukning och stillest\u00e5ndstid etc. Serviceteknikern f\u00e5r hj\u00e4lp med felkoder och larm samt serviceplanering genom att h\u00e5lla reda p\u00e5 tid till service i realtid tillsammans med felloggar som lagras i systemet. Dasa Fleet erbjuder \u00e4ven en proxyanslutning, vilket \u00e4r en direktanslutning till maskinens styrsystem f\u00f6r att kunna fj\u00e4rrsupporta maskinen i realtid.<\/p>","protected":false},"excerpt":{"rendered":"<p>Dasa Fleet \u00e4r en kraftfull l\u00f6sning f\u00f6r vagnparkshantering som \u00e4r speciellt utformad f\u00f6r mobila maskiner.<\/p>","protected":false},"featured_media":1635,"template":"","meta":[],"product_brand":[],"product_cat":[42],"product_tag":[],"class_list":{"0":"post-948","1":"product","2":"type-product","3":"status-publish","4":"has-post-thumbnail","6":"product_cat-fleet-software","8":"first","9":"instock","10":"shipping-taxable","11":"product-type-simple"},"yoast_head":"<!-- This site is optimized with the Yoast SEO plugin v26.7 - https:\/\/yoast.com\/wordpress\/plugins\/seo\/ -->\n<title>Dasa Fleet \u2013 Forestry Fleet Management Software<\/title>\n<meta name=\"robots\" content=\"index, follow, max-snippet:-1, max-image-preview:large, max-video-preview:-1\" \/>\n<link rel=\"canonical\" href=\"https:\/\/dasa.se\/sv\/produkt\/dasa-fleet-f\/\" \/>\n<meta property=\"og:locale\" content=\"sv_SE\" \/>\n<meta property=\"og:type\" content=\"article\" \/>\n<meta property=\"og:title\" content=\"Dasa Fleet \u2013 Forestry Fleet Management Software\" \/>\n<meta property=\"og:description\" content=\"Dasa Fleet is a powerful fleet management solution specially designed for mobile machines.\" \/>\n<meta property=\"og:url\" content=\"https:\/\/dasa.se\/sv\/produkt\/dasa-fleet-f\/\" \/>\n<meta property=\"og:site_name\" content=\"Dasa: High-Performance Machine Control Systems\" \/>\n<meta property=\"article:modified_time\" content=\"2025-11-24T14:57:16+00:00\" \/>\n<meta property=\"og:image\" content=\"https:\/\/dasa.se\/wp-content\/uploads\/2024\/12\/Dasa-Fleet-01-1.jpg\" \/>\n\t<meta property=\"og:image:width\" content=\"1975\" \/>\n\t<meta property=\"og:image:height\" content=\"1115\" \/>\n\t<meta property=\"og:image:type\" content=\"image\/jpeg\" \/>\n<meta name=\"twitter:card\" content=\"summary_large_image\" \/>\n<meta name=\"twitter:label1\" content=\"Ber\u00e4knad l\u00e4stid\" \/>\n\t<meta name=\"twitter:data1\" content=\"1 minut\" \/>\n<script type=\"application\/ld+json\" class=\"yoast-schema-graph\">{\"@context\":\"https:\/\/schema.org\",\"@graph\":[{\"@type\":[\"WebPage\",\"ItemPage\"],\"@id\":\"https:\/\/dasa.se\/product\/dasa-fleet-f\/\",\"url\":\"https:\/\/dasa.se\/product\/dasa-fleet-f\/\",\"name\":\"Dasa Fleet \u2013 Forestry Fleet Management Software\",\"isPartOf\":{\"@id\":\"https:\/\/dasa.se\/#website\"},\"primaryImageOfPage\":{\"@id\":\"https:\/\/dasa.se\/product\/dasa-fleet-f\/#primaryimage\"},\"image\":{\"@id\":\"https:\/\/dasa.se\/product\/dasa-fleet-f\/#primaryimage\"},\"thumbnailUrl\":\"https:\/\/dasa.se\/wp-content\/uploads\/2024\/12\/Dasa-Fleet-01-1.jpg\",\"datePublished\":\"2024-11-13T09:41:44+00:00\",\"dateModified\":\"2025-11-24T14:57:16+00:00\",\"breadcrumb\":{\"@id\":\"https:\/\/dasa.se\/product\/dasa-fleet-f\/#breadcrumb\"},\"inLanguage\":\"sv-SE\",\"potentialAction\":[{\"@type\":\"ReadAction\",\"target\":[\"https:\/\/dasa.se\/product\/dasa-fleet-f\/\"]}]},{\"@type\":\"ImageObject\",\"inLanguage\":\"sv-SE\",\"@id\":\"https:\/\/dasa.se\/product\/dasa-fleet-f\/#primaryimage\",\"url\":\"https:\/\/dasa.se\/wp-content\/uploads\/2024\/12\/Dasa-Fleet-01-1.jpg\",\"contentUrl\":\"https:\/\/dasa.se\/wp-content\/uploads\/2024\/12\/Dasa-Fleet-01-1.jpg\",\"width\":1975,\"height\":1115,\"caption\":\"Screenshot of the DASA web dashboard showing a world map with a red location pin over Sweden, a left navigation menu and a table listing two demo machines with status icons, published on www.dasa.se.\"},{\"@type\":\"BreadcrumbList\",\"@id\":\"https:\/\/dasa.se\/product\/dasa-fleet-f\/#breadcrumb\",\"itemListElement\":[{\"@type\":\"ListItem\",\"position\":1,\"name\":\"Home\",\"item\":\"https:\/\/dasa.se\/\"},{\"@type\":\"ListItem\",\"position\":2,\"name\":\"do not remove!\",\"item\":\"https:\/\/dasa.se\/?page_id=876\"},{\"@type\":\"ListItem\",\"position\":3,\"name\":\"Dasa Fleet Fleet Management Software\"}]},{\"@type\":\"WebSite\",\"@id\":\"https:\/\/dasa.se\/#website\",\"url\":\"https:\/\/dasa.se\/\",\"name\":\"Dasa: High-Performance Machine Control Systems\",\"description\":\"\",\"publisher\":{\"@id\":\"https:\/\/dasa.se\/#organization\"},\"potentialAction\":[{\"@type\":\"SearchAction\",\"target\":{\"@type\":\"EntryPoint\",\"urlTemplate\":\"https:\/\/dasa.se\/?s={search_term_string}\"},\"query-input\":{\"@type\":\"PropertyValueSpecification\",\"valueRequired\":true,\"valueName\":\"search_term_string\"}}],\"inLanguage\":\"sv-SE\"},{\"@type\":\"Organization\",\"@id\":\"https:\/\/dasa.se\/#organization\",\"name\":\"Dasa: High-Performance Machine Control Systems\",\"url\":\"https:\/\/dasa.se\/\",\"logo\":{\"@type\":\"ImageObject\",\"inLanguage\":\"sv-SE\",\"@id\":\"https:\/\/dasa.se\/#\/schema\/logo\/image\/\",\"url\":\"https:\/\/dasa.se\/wp-content\/uploads\/2024\/10\/logo3.png\",\"contentUrl\":\"https:\/\/dasa.se\/wp-content\/uploads\/2024\/10\/logo3.png\",\"width\":1000,\"height\":320,\"caption\":\"Dasa: High-Performance Machine Control Systems\"},\"image\":{\"@id\":\"https:\/\/dasa.se\/#\/schema\/logo\/image\/\"},\"sameAs\":[\"https:\/\/www.linkedin.com\/company\/dasa-control-systems\/\"]}]}<\/script>\n<!-- \/ Yoast SEO plugin. -->","yoast_head_json":{"title":"Dasa Fleet - programvara f\u00f6r hantering av skogsbrukets fordonspark","robots":{"index":"index","follow":"follow","max-snippet":"max-snippet:-1","max-image-preview":"max-image-preview:large","max-video-preview":"max-video-preview:-1"},"canonical":"https:\/\/dasa.se\/sv\/produkt\/dasa-fleet-f\/","og_locale":"sv_SE","og_type":"article","og_title":"Dasa Fleet \u2013 Forestry Fleet Management Software","og_description":"Dasa Fleet is a powerful fleet management solution specially designed for mobile machines.","og_url":"https:\/\/dasa.se\/sv\/produkt\/dasa-fleet-f\/","og_site_name":"Dasa: High-Performance Machine Control Systems","article_modified_time":"2025-11-24T14:57:16+00:00","og_image":[{"width":1975,"height":1115,"url":"https:\/\/dasa.se\/wp-content\/uploads\/2024\/12\/Dasa-Fleet-01-1.jpg","type":"image\/jpeg"}],"twitter_card":"summary_large_image","twitter_misc":{"Ber\u00e4knad l\u00e4stid":"1 minut"},"schema":{"@context":"https:\/\/schema.org","@graph":[{"@type":["WebPage","ItemPage"],"@id":"https:\/\/dasa.se\/product\/dasa-fleet-f\/","url":"https:\/\/dasa.se\/product\/dasa-fleet-f\/","name":"Dasa Fleet - programvara f\u00f6r hantering av skogsbrukets fordonspark","isPartOf":{"@id":"https:\/\/dasa.se\/#website"},"primaryImageOfPage":{"@id":"https:\/\/dasa.se\/product\/dasa-fleet-f\/#primaryimage"},"image":{"@id":"https:\/\/dasa.se\/product\/dasa-fleet-f\/#primaryimage"},"thumbnailUrl":"https:\/\/dasa.se\/wp-content\/uploads\/2024\/12\/Dasa-Fleet-01-1.jpg","datePublished":"2024-11-13T09:41:44+00:00","dateModified":"2025-11-24T14:57:16+00:00","breadcrumb":{"@id":"https:\/\/dasa.se\/product\/dasa-fleet-f\/#breadcrumb"},"inLanguage":"sv-SE","potentialAction":[{"@type":"ReadAction","target":["https:\/\/dasa.se\/product\/dasa-fleet-f\/"]}]},{"@type":"ImageObject","inLanguage":"sv-SE","@id":"https:\/\/dasa.se\/product\/dasa-fleet-f\/#primaryimage","url":"https:\/\/dasa.se\/wp-content\/uploads\/2024\/12\/Dasa-Fleet-01-1.jpg","contentUrl":"https:\/\/dasa.se\/wp-content\/uploads\/2024\/12\/Dasa-Fleet-01-1.jpg","width":1975,"height":1115,"caption":"Screenshot of the DASA web dashboard showing a world map with a red location pin over Sweden, a left navigation menu and a table listing two demo machines with status icons, published on www.dasa.se."},{"@type":"BreadcrumbList","@id":"https:\/\/dasa.se\/product\/dasa-fleet-f\/#breadcrumb","itemListElement":[{"@type":"ListItem","position":1,"name":"Home","item":"https:\/\/dasa.se\/"},{"@type":"ListItem","position":2,"name":"do not remove!","item":"https:\/\/dasa.se\/?page_id=876"},{"@type":"ListItem","position":3,"name":"Dasa Fleet Fleet Management Software"}]},{"@type":"WebSite","@id":"https:\/\/dasa.se\/#website","url":"https:\/\/dasa.se\/","name":"Dasa: Styrsystem f\u00f6r h\u00f6gpresterande maskiner","description":"","publisher":{"@id":"https:\/\/dasa.se\/#organization"},"potentialAction":[{"@type":"SearchAction","target":{"@type":"EntryPoint","urlTemplate":"https:\/\/dasa.se\/?s={search_term_string}"},"query-input":{"@type":"PropertyValueSpecification","valueRequired":true,"valueName":"search_term_string"}}],"inLanguage":"sv-SE"},{"@type":"Organization","@id":"https:\/\/dasa.se\/#organization","name":"Dasa: Styrsystem f\u00f6r h\u00f6gpresterande maskiner","url":"https:\/\/dasa.se\/","logo":{"@type":"ImageObject","inLanguage":"sv-SE","@id":"https:\/\/dasa.se\/#\/schema\/logo\/image\/","url":"https:\/\/dasa.se\/wp-content\/uploads\/2024\/10\/logo3.png","contentUrl":"https:\/\/dasa.se\/wp-content\/uploads\/2024\/10\/logo3.png","width":1000,"height":320,"caption":"Dasa: High-Performance Machine Control Systems"},"image":{"@id":"https:\/\/dasa.se\/#\/schema\/logo\/image\/"},"sameAs":["https:\/\/www.linkedin.com\/company\/dasa-control-systems\/"]}]}},"_links":{"self":[{"href":"https:\/\/dasa.se\/sv\/wp-json\/wp\/v2\/product\/948","targetHints":{"allow":["GET"]}}],"collection":[{"href":"https:\/\/dasa.se\/sv\/wp-json\/wp\/v2\/product"}],"about":[{"href":"https:\/\/dasa.se\/sv\/wp-json\/wp\/v2\/types\/product"}],"wp:featuredmedia":[{"embeddable":true,"href":"https:\/\/dasa.se\/sv\/wp-json\/wp\/v2\/media\/1635"}],"wp:attachment":[{"href":"https:\/\/dasa.se\/sv\/wp-json\/wp\/v2\/media?parent=948"}],"wp:term":[{"taxonomy":"product_brand","embeddable":true,"href":"https:\/\/dasa.se\/sv\/wp-json\/wp\/v2\/product_brand?post=948"},{"taxonomy":"product_cat","embeddable":true,"href":"https:\/\/dasa.se\/sv\/wp-json\/wp\/v2\/product_cat?post=948"},{"taxonomy":"product_tag","embeddable":true,"href":"https:\/\/dasa.se\/sv\/wp-json\/wp\/v2\/product_tag?post=948"}],"curies":[{"name":"wp","href":"https:\/\/api.w.org\/{rel}","templated":true}]}}