{"id":977,"date":"2024-11-13T14:14:54","date_gmt":"2024-11-13T14:14:54","guid":{"rendered":"https:\/\/eznpp.beeweb-orange.io\/?post_type=product&#038;p=977"},"modified":"2025-11-24T14:59:17","modified_gmt":"2025-11-24T14:59:17","slug":"dax20","status":"publish","type":"product","link":"https:\/\/dasa.se\/sv\/produkt\/dax20\/","title":{"rendered":"dAX20"},"content":{"rendered":"<p>DAX20 \u00e4r en gr\u00e4nssnittsenhet f\u00f6r hytten. Enheten hanterar str\u00f6mf\u00f6rs\u00f6rjning, olika typer av signaler f\u00f6r s\u00e4kerhetsd\u00f6rrbrytare, s\u00e4ker avst\u00e4ngning av PC, hydrauliska pumputg\u00e5ngar, digitala, analoga och gr\u00e4vmaskinsspecifika, dedikerade utg\u00e5ngar f\u00f6r sk\u00f6rdaraggregatets rotatorventil p\u00e5 b\u00e4raren, extra utg\u00e5ngar f\u00f6r \u201cbomf\u00f6rl\u00e4ngning\u201d eller andra extra b\u00e4rarfunktioner. Knappsatserna ansluter stift till stift eller CANbus-kommunikation. F\u00f6rberedd f\u00f6r extern pumpstyrd signal med nyckelbrytare.<\/p>","protected":false},"excerpt":{"rendered":"<p>Enhet f\u00f6r hyttgr\u00e4nssnitt<\/p>","protected":false},"featured_media":1618,"template":"","meta":[],"product_brand":[],"product_cat":[82,36],"product_tag":[],"class_list":{"0":"post-977","1":"product","2":"type-product","3":"status-publish","4":"has-post-thumbnail","6":"product_cat-bucking-hardware-wireless1","7":"product_cat-bucking-hardware-wired7","9":"first","10":"instock","11":"shipping-taxable","12":"product-type-simple"},"yoast_head":"<!-- This site is optimized with the Yoast SEO plugin v26.7 - https:\/\/yoast.com\/wordpress\/plugins\/seo\/ -->\n<title>dAx20 Cab Interface Unit \u2013 Durable Forestry | Dasa<\/title>\n<meta name=\"robots\" content=\"index, follow, max-snippet:-1, max-image-preview:large, max-video-preview:-1\" \/>\n<link rel=\"canonical\" href=\"https:\/\/dasa.se\/sv\/produkt\/dax20\/\" \/>\n<meta property=\"og:locale\" content=\"sv_SE\" \/>\n<meta property=\"og:type\" content=\"article\" \/>\n<meta property=\"og:title\" content=\"dAx20 Cab Interface Unit \u2013 Durable Forestry | Dasa\" \/>\n<meta property=\"og:description\" content=\"Cab interface unit\" \/>\n<meta property=\"og:url\" content=\"https:\/\/dasa.se\/sv\/produkt\/dax20\/\" \/>\n<meta property=\"og:site_name\" content=\"Dasa: High-Performance Machine Control Systems\" \/>\n<meta property=\"article:modified_time\" content=\"2025-11-24T14:59:17+00:00\" \/>\n<meta property=\"og:image\" content=\"https:\/\/dasa.se\/wp-content\/uploads\/2024\/11\/dAX20.jpg\" \/>\n\t<meta property=\"og:image:width\" content=\"789\" \/>\n\t<meta property=\"og:image:height\" content=\"763\" \/>\n\t<meta property=\"og:image:type\" content=\"image\/jpeg\" \/>\n<meta name=\"twitter:card\" content=\"summary_large_image\" \/>\n<meta name=\"twitter:label1\" content=\"Ber\u00e4knad l\u00e4stid\" \/>\n\t<meta name=\"twitter:data1\" content=\"1 minut\" \/>\n<script type=\"application\/ld+json\" class=\"yoast-schema-graph\">{\"@context\":\"https:\/\/schema.org\",\"@graph\":[{\"@type\":[\"WebPage\",\"ItemPage\"],\"@id\":\"https:\/\/dasa.se\/sv\/produkt\/dax20\/\",\"url\":\"https:\/\/dasa.se\/sv\/produkt\/dax20\/\",\"name\":\"dAx20 Cab Interface Unit \u2013 Durable Forestry | Dasa\",\"isPartOf\":{\"@id\":\"https:\/\/dasa.se\/#website\"},\"primaryImageOfPage\":{\"@id\":\"https:\/\/dasa.se\/sv\/produkt\/dax20\/#primaryimage\"},\"image\":{\"@id\":\"https:\/\/dasa.se\/sv\/produkt\/dax20\/#primaryimage\"},\"thumbnailUrl\":\"https:\/\/dasa.se\/wp-content\/uploads\/2024\/11\/dAX20.jpg\",\"datePublished\":\"2024-11-13T14:14:54+00:00\",\"dateModified\":\"2025-11-24T14:59:17+00:00\",\"breadcrumb\":{\"@id\":\"https:\/\/dasa.se\/sv\/produkt\/dax20\/#breadcrumb\"},\"inLanguage\":\"sv-SE\",\"potentialAction\":[{\"@type\":\"ReadAction\",\"target\":[\"https:\/\/dasa.se\/sv\/produkt\/dax20\/\"]}]},{\"@type\":\"ImageObject\",\"inLanguage\":\"sv-SE\",\"@id\":\"https:\/\/dasa.se\/sv\/produkt\/dax20\/#primaryimage\",\"url\":\"https:\/\/dasa.se\/wp-content\/uploads\/2024\/11\/dAX20.jpg\",\"contentUrl\":\"https:\/\/dasa.se\/wp-content\/uploads\/2024\/11\/dAX20.jpg\",\"width\":789,\"height\":763,\"caption\":\"Top-down view of a dAX20 control module showing rows of colored connector sockets, round CAN and EtherCAT ports, indicator markings and the dasa logo, published on www.dasa.se.\"},{\"@type\":\"BreadcrumbList\",\"@id\":\"https:\/\/dasa.se\/sv\/produkt\/dax20\/#breadcrumb\",\"itemListElement\":[{\"@type\":\"ListItem\",\"position\":1,\"name\":\"Home\",\"item\":\"https:\/\/dasa.se\/\"},{\"@type\":\"ListItem\",\"position\":2,\"name\":\"do not remove!\",\"item\":\"https:\/\/dasa.se\/?page_id=876\"},{\"@type\":\"ListItem\",\"position\":3,\"name\":\"dAX20\"}]},{\"@type\":\"WebSite\",\"@id\":\"https:\/\/dasa.se\/#website\",\"url\":\"https:\/\/dasa.se\/\",\"name\":\"Dasa: High-Performance Machine Control Systems\",\"description\":\"\",\"publisher\":{\"@id\":\"https:\/\/dasa.se\/#organization\"},\"potentialAction\":[{\"@type\":\"SearchAction\",\"target\":{\"@type\":\"EntryPoint\",\"urlTemplate\":\"https:\/\/dasa.se\/?s={search_term_string}\"},\"query-input\":{\"@type\":\"PropertyValueSpecification\",\"valueRequired\":true,\"valueName\":\"search_term_string\"}}],\"inLanguage\":\"sv-SE\"},{\"@type\":\"Organization\",\"@id\":\"https:\/\/dasa.se\/#organization\",\"name\":\"Dasa: High-Performance Machine Control Systems\",\"url\":\"https:\/\/dasa.se\/\",\"logo\":{\"@type\":\"ImageObject\",\"inLanguage\":\"sv-SE\",\"@id\":\"https:\/\/dasa.se\/#\/schema\/logo\/image\/\",\"url\":\"https:\/\/dasa.se\/wp-content\/uploads\/2024\/10\/logo3.png\",\"contentUrl\":\"https:\/\/dasa.se\/wp-content\/uploads\/2024\/10\/logo3.png\",\"width\":1000,\"height\":320,\"caption\":\"Dasa: High-Performance Machine Control Systems\"},\"image\":{\"@id\":\"https:\/\/dasa.se\/#\/schema\/logo\/image\/\"},\"sameAs\":[\"https:\/\/www.linkedin.com\/company\/dasa-control-systems\/\"]}]}<\/script>\n<!-- \/ Yoast SEO plugin. -->","yoast_head_json":{"title":"dAx20 hyttgr\u00e4nssnittsenhet - Durable Forestry | Dasa","robots":{"index":"index","follow":"follow","max-snippet":"max-snippet:-1","max-image-preview":"max-image-preview:large","max-video-preview":"max-video-preview:-1"},"canonical":"https:\/\/dasa.se\/sv\/produkt\/dax20\/","og_locale":"sv_SE","og_type":"article","og_title":"dAx20 Cab Interface Unit \u2013 Durable Forestry | Dasa","og_description":"Cab interface unit","og_url":"https:\/\/dasa.se\/sv\/produkt\/dax20\/","og_site_name":"Dasa: High-Performance Machine Control Systems","article_modified_time":"2025-11-24T14:59:17+00:00","og_image":[{"width":789,"height":763,"url":"https:\/\/dasa.se\/wp-content\/uploads\/2024\/11\/dAX20.jpg","type":"image\/jpeg"}],"twitter_card":"summary_large_image","twitter_misc":{"Ber\u00e4knad l\u00e4stid":"1 minut"},"schema":{"@context":"https:\/\/schema.org","@graph":[{"@type":["WebPage","ItemPage"],"@id":"https:\/\/dasa.se\/sv\/produkt\/dax20\/","url":"https:\/\/dasa.se\/sv\/produkt\/dax20\/","name":"dAx20 hyttgr\u00e4nssnittsenhet - Durable Forestry | Dasa","isPartOf":{"@id":"https:\/\/dasa.se\/#website"},"primaryImageOfPage":{"@id":"https:\/\/dasa.se\/sv\/produkt\/dax20\/#primaryimage"},"image":{"@id":"https:\/\/dasa.se\/sv\/produkt\/dax20\/#primaryimage"},"thumbnailUrl":"https:\/\/dasa.se\/wp-content\/uploads\/2024\/11\/dAX20.jpg","datePublished":"2024-11-13T14:14:54+00:00","dateModified":"2025-11-24T14:59:17+00:00","breadcrumb":{"@id":"https:\/\/dasa.se\/sv\/produkt\/dax20\/#breadcrumb"},"inLanguage":"sv-SE","potentialAction":[{"@type":"ReadAction","target":["https:\/\/dasa.se\/sv\/produkt\/dax20\/"]}]},{"@type":"ImageObject","inLanguage":"sv-SE","@id":"https:\/\/dasa.se\/sv\/produkt\/dax20\/#primaryimage","url":"https:\/\/dasa.se\/wp-content\/uploads\/2024\/11\/dAX20.jpg","contentUrl":"https:\/\/dasa.se\/wp-content\/uploads\/2024\/11\/dAX20.jpg","width":789,"height":763,"caption":"Top-down view of a dAX20 control module showing rows of colored connector sockets, round CAN and EtherCAT ports, indicator markings and the dasa logo, published on www.dasa.se."},{"@type":"BreadcrumbList","@id":"https:\/\/dasa.se\/sv\/produkt\/dax20\/#breadcrumb","itemListElement":[{"@type":"ListItem","position":1,"name":"Home","item":"https:\/\/dasa.se\/"},{"@type":"ListItem","position":2,"name":"do not remove!","item":"https:\/\/dasa.se\/?page_id=876"},{"@type":"ListItem","position":3,"name":"dAX20"}]},{"@type":"WebSite","@id":"https:\/\/dasa.se\/#website","url":"https:\/\/dasa.se\/","name":"Dasa: Styrsystem f\u00f6r h\u00f6gpresterande maskiner","description":"","publisher":{"@id":"https:\/\/dasa.se\/#organization"},"potentialAction":[{"@type":"SearchAction","target":{"@type":"EntryPoint","urlTemplate":"https:\/\/dasa.se\/?s={search_term_string}"},"query-input":{"@type":"PropertyValueSpecification","valueRequired":true,"valueName":"search_term_string"}}],"inLanguage":"sv-SE"},{"@type":"Organization","@id":"https:\/\/dasa.se\/#organization","name":"Dasa: Styrsystem f\u00f6r h\u00f6gpresterande maskiner","url":"https:\/\/dasa.se\/","logo":{"@type":"ImageObject","inLanguage":"sv-SE","@id":"https:\/\/dasa.se\/#\/schema\/logo\/image\/","url":"https:\/\/dasa.se\/wp-content\/uploads\/2024\/10\/logo3.png","contentUrl":"https:\/\/dasa.se\/wp-content\/uploads\/2024\/10\/logo3.png","width":1000,"height":320,"caption":"Dasa: High-Performance Machine Control Systems"},"image":{"@id":"https:\/\/dasa.se\/#\/schema\/logo\/image\/"},"sameAs":["https:\/\/www.linkedin.com\/company\/dasa-control-systems\/"]}]}},"_links":{"self":[{"href":"https:\/\/dasa.se\/sv\/wp-json\/wp\/v2\/product\/977","targetHints":{"allow":["GET"]}}],"collection":[{"href":"https:\/\/dasa.se\/sv\/wp-json\/wp\/v2\/product"}],"about":[{"href":"https:\/\/dasa.se\/sv\/wp-json\/wp\/v2\/types\/product"}],"wp:featuredmedia":[{"embeddable":true,"href":"https:\/\/dasa.se\/sv\/wp-json\/wp\/v2\/media\/1618"}],"wp:attachment":[{"href":"https:\/\/dasa.se\/sv\/wp-json\/wp\/v2\/media?parent=977"}],"wp:term":[{"taxonomy":"product_brand","embeddable":true,"href":"https:\/\/dasa.se\/sv\/wp-json\/wp\/v2\/product_brand?post=977"},{"taxonomy":"product_cat","embeddable":true,"href":"https:\/\/dasa.se\/sv\/wp-json\/wp\/v2\/product_cat?post=977"},{"taxonomy":"product_tag","embeddable":true,"href":"https:\/\/dasa.se\/sv\/wp-json\/wp\/v2\/product_tag?post=977"}],"curies":[{"name":"wp","href":"https:\/\/api.w.org\/{rel}","templated":true}]}}