{"id":978,"date":"2024-11-13T14:15:24","date_gmt":"2024-11-13T14:15:24","guid":{"rendered":"https:\/\/eznpp.beeweb-orange.io\/?post_type=product&#038;p=978"},"modified":"2026-03-31T11:20:21","modified_gmt":"2026-03-31T11:20:21","slug":"dasa-insight","status":"publish","type":"product","link":"https:\/\/dasa.se\/sv\/produkt\/dasa-insight\/","title":{"rendered":"Dasa Insight"},"content":{"rendered":"<p>Dasa Insight \u00e4r en molntj\u00e4nst f\u00f6r produktions- och drift\u00f6vervakning. Dasa Insight sammanfattar och visualiserar data fr\u00e5n StanForD2010-filer, vilket hj\u00e4lper dig att f\u00e5 kunskap om din produktion. Vilken operat\u00f6r beh\u00f6ver extra utbildning och n\u00e4r tj\u00e4nar du pengar och n\u00e4r f\u00f6rlorar du pengar? Tj\u00e4nsten \u00e4r l\u00e4tt att anv\u00e4nda, och du kommer inte ha n\u00e5gra problem med att anv\u00e4nda Dasa Insight.<\/p>\n<p>Dasa Insight kan hantera StanForD2010-filer fr\u00e5n olika maskinm\u00e4rken och automatiskt \u00f6verf\u00f6ra filerna fr\u00e5n maskinen till Dasa Insight-molnet via en mobil- eller satellitanslutning.<\/p>\n<p>Oavsett om du \u00e4ger en maskin, flera maskiner eller ett s\u00e5gverk kommer Dasa Insight att spara dig tid och pengar. Tiden b\u00f6r l\u00e4ggas p\u00e5 att analysera ist\u00e4llet f\u00f6r att administrera.<\/p>","protected":false},"excerpt":{"rendered":"<p>Dasa insight \u00e4r en molntj\u00e4nst f\u00f6r produktions- och drift\u00f6vervakning. Dasa Insight sammanfattar och visualiserar data fr\u00e5n StanForD2010-filer och hj\u00e4lper dig att f\u00e5 kunskap om din produktion.<\/p>","protected":false},"featured_media":2905,"template":"","meta":[],"product_brand":[],"product_cat":[33,35,58],"product_tag":[],"class_list":{"0":"post-978","1":"product","2":"type-product","3":"status-publish","4":"has-post-thumbnail","6":"product_cat-bucking-software","7":"product_cat-forwarding-software","8":"product_cat-stanford-software","10":"first","11":"instock","12":"shipping-taxable","13":"product-type-simple"},"yoast_head":"<!-- This site is optimized with the Yoast SEO plugin v26.7 - https:\/\/yoast.com\/wordpress\/plugins\/seo\/ -->\n<title>Dasa Insight \u2013 Cloud Monitoring for Log Bucking Systems | Dasa<\/title>\n<meta name=\"description\" content=\"Monitor and optimize your operations with Dasa Insight. Our cloud-based solution for log bucking systems provides real-time data and analytics. Read more!\" \/>\n<meta name=\"robots\" content=\"index, follow, max-snippet:-1, max-image-preview:large, max-video-preview:-1\" \/>\n<link rel=\"canonical\" href=\"https:\/\/dasa.se\/sv\/produkt\/dasa-insight\/\" \/>\n<meta property=\"og:locale\" content=\"sv_SE\" \/>\n<meta property=\"og:type\" content=\"article\" \/>\n<meta property=\"og:title\" content=\"Dasa Insight \u2013 Cloud Monitoring for Log Bucking Systems | Dasa\" \/>\n<meta property=\"og:description\" content=\"Monitor and optimize your operations with Dasa Insight. Our cloud-based solution for log bucking systems provides real-time data and analytics. Read more!\" \/>\n<meta property=\"og:url\" content=\"https:\/\/dasa.se\/sv\/produkt\/dasa-insight\/\" \/>\n<meta property=\"og:site_name\" content=\"Dasa: High-Performance Machine Control Systems\" \/>\n<meta property=\"article:modified_time\" content=\"2026-03-31T11:20:21+00:00\" \/>\n<meta property=\"og:image\" content=\"https:\/\/dasa.se\/wp-content\/uploads\/2024\/11\/Dasa-Insight_Overview.jpg\" \/>\n\t<meta property=\"og:image:width\" content=\"859\" \/>\n\t<meta property=\"og:image:height\" content=\"1236\" \/>\n\t<meta property=\"og:image:type\" content=\"image\/jpeg\" \/>\n<meta name=\"twitter:card\" content=\"summary_large_image\" \/>\n<meta name=\"twitter:label1\" content=\"Ber\u00e4knad l\u00e4stid\" \/>\n\t<meta name=\"twitter:data1\" content=\"1 minut\" \/>\n<script type=\"application\/ld+json\" class=\"yoast-schema-graph\">{\"@context\":\"https:\/\/schema.org\",\"@graph\":[{\"@type\":[\"WebPage\",\"ItemPage\"],\"@id\":\"https:\/\/dasa.se\/product\/dasa-insight\/\",\"url\":\"https:\/\/dasa.se\/product\/dasa-insight\/\",\"name\":\"Dasa Insight \u2013 Cloud Monitoring for Log Bucking Systems | Dasa\",\"isPartOf\":{\"@id\":\"https:\/\/dasa.se\/#website\"},\"primaryImageOfPage\":{\"@id\":\"https:\/\/dasa.se\/product\/dasa-insight\/#primaryimage\"},\"image\":{\"@id\":\"https:\/\/dasa.se\/product\/dasa-insight\/#primaryimage\"},\"thumbnailUrl\":\"https:\/\/dasa.se\/wp-content\/uploads\/2024\/11\/Dasa-Insight_Overview.jpg\",\"datePublished\":\"2024-11-13T14:15:24+00:00\",\"dateModified\":\"2026-03-31T11:20:21+00:00\",\"description\":\"Monitor and optimize your operations with Dasa Insight. Our cloud-based solution for log bucking systems provides real-time data and analytics. Read more!\",\"breadcrumb\":{\"@id\":\"https:\/\/dasa.se\/product\/dasa-insight\/#breadcrumb\"},\"inLanguage\":\"sv-SE\",\"potentialAction\":[{\"@type\":\"ReadAction\",\"target\":[\"https:\/\/dasa.se\/product\/dasa-insight\/\"]}]},{\"@type\":\"ImageObject\",\"inLanguage\":\"sv-SE\",\"@id\":\"https:\/\/dasa.se\/product\/dasa-insight\/#primaryimage\",\"url\":\"https:\/\/dasa.se\/wp-content\/uploads\/2024\/11\/Dasa-Insight_Overview.jpg\",\"contentUrl\":\"https:\/\/dasa.se\/wp-content\/uploads\/2024\/11\/Dasa-Insight_Overview.jpg\",\"width\":859,\"height\":1236},{\"@type\":\"BreadcrumbList\",\"@id\":\"https:\/\/dasa.se\/product\/dasa-insight\/#breadcrumb\",\"itemListElement\":[{\"@type\":\"ListItem\",\"position\":1,\"name\":\"Home\",\"item\":\"https:\/\/dasa.se\/\"},{\"@type\":\"ListItem\",\"position\":2,\"name\":\"do not remove!\",\"item\":\"https:\/\/dasa.se\/?page_id=876\"},{\"@type\":\"ListItem\",\"position\":3,\"name\":\"Dasa Insight\"}]},{\"@type\":\"WebSite\",\"@id\":\"https:\/\/dasa.se\/#website\",\"url\":\"https:\/\/dasa.se\/\",\"name\":\"Dasa: High-Performance Machine Control Systems\",\"description\":\"\",\"publisher\":{\"@id\":\"https:\/\/dasa.se\/#organization\"},\"potentialAction\":[{\"@type\":\"SearchAction\",\"target\":{\"@type\":\"EntryPoint\",\"urlTemplate\":\"https:\/\/dasa.se\/?s={search_term_string}\"},\"query-input\":{\"@type\":\"PropertyValueSpecification\",\"valueRequired\":true,\"valueName\":\"search_term_string\"}}],\"inLanguage\":\"sv-SE\"},{\"@type\":\"Organization\",\"@id\":\"https:\/\/dasa.se\/#organization\",\"name\":\"Dasa: High-Performance Machine Control Systems\",\"url\":\"https:\/\/dasa.se\/\",\"logo\":{\"@type\":\"ImageObject\",\"inLanguage\":\"sv-SE\",\"@id\":\"https:\/\/dasa.se\/#\/schema\/logo\/image\/\",\"url\":\"https:\/\/dasa.se\/wp-content\/uploads\/2024\/10\/logo3.png\",\"contentUrl\":\"https:\/\/dasa.se\/wp-content\/uploads\/2024\/10\/logo3.png\",\"width\":1000,\"height\":320,\"caption\":\"Dasa: High-Performance Machine Control Systems\"},\"image\":{\"@id\":\"https:\/\/dasa.se\/#\/schema\/logo\/image\/\"},\"sameAs\":[\"https:\/\/www.linkedin.com\/company\/dasa-control-systems\/\"]}]}<\/script>\n<!-- \/ Yoast SEO plugin. -->","yoast_head_json":{"title":"Dasa Insight - Moln\u00f6vervakning f\u00f6r loggningssystem | Dasa","description":"\u00d6vervaka och optimera din verksamhet med Dasa Insight. V\u00e5r molnbaserade l\u00f6sning f\u00f6r logghanteringssystem ger realtidsdata och analyser. L\u00e4s mer!","robots":{"index":"index","follow":"follow","max-snippet":"max-snippet:-1","max-image-preview":"max-image-preview:large","max-video-preview":"max-video-preview:-1"},"canonical":"https:\/\/dasa.se\/sv\/produkt\/dasa-insight\/","og_locale":"sv_SE","og_type":"article","og_title":"Dasa Insight \u2013 Cloud Monitoring for Log Bucking Systems | Dasa","og_description":"Monitor and optimize your operations with Dasa Insight. Our cloud-based solution for log bucking systems provides real-time data and analytics. Read more!","og_url":"https:\/\/dasa.se\/sv\/produkt\/dasa-insight\/","og_site_name":"Dasa: High-Performance Machine Control Systems","article_modified_time":"2026-03-31T11:20:21+00:00","og_image":[{"width":859,"height":1236,"url":"https:\/\/dasa.se\/wp-content\/uploads\/2024\/11\/Dasa-Insight_Overview.jpg","type":"image\/jpeg"}],"twitter_card":"summary_large_image","twitter_misc":{"Ber\u00e4knad l\u00e4stid":"1 minut"},"schema":{"@context":"https:\/\/schema.org","@graph":[{"@type":["WebPage","ItemPage"],"@id":"https:\/\/dasa.se\/product\/dasa-insight\/","url":"https:\/\/dasa.se\/product\/dasa-insight\/","name":"Dasa Insight - Moln\u00f6vervakning f\u00f6r loggningssystem | Dasa","isPartOf":{"@id":"https:\/\/dasa.se\/#website"},"primaryImageOfPage":{"@id":"https:\/\/dasa.se\/product\/dasa-insight\/#primaryimage"},"image":{"@id":"https:\/\/dasa.se\/product\/dasa-insight\/#primaryimage"},"thumbnailUrl":"https:\/\/dasa.se\/wp-content\/uploads\/2024\/11\/Dasa-Insight_Overview.jpg","datePublished":"2024-11-13T14:15:24+00:00","dateModified":"2026-03-31T11:20:21+00:00","description":"\u00d6vervaka och optimera din verksamhet med Dasa Insight. V\u00e5r molnbaserade l\u00f6sning f\u00f6r logghanteringssystem ger realtidsdata och analyser. L\u00e4s mer!","breadcrumb":{"@id":"https:\/\/dasa.se\/product\/dasa-insight\/#breadcrumb"},"inLanguage":"sv-SE","potentialAction":[{"@type":"ReadAction","target":["https:\/\/dasa.se\/product\/dasa-insight\/"]}]},{"@type":"ImageObject","inLanguage":"sv-SE","@id":"https:\/\/dasa.se\/product\/dasa-insight\/#primaryimage","url":"https:\/\/dasa.se\/wp-content\/uploads\/2024\/11\/Dasa-Insight_Overview.jpg","contentUrl":"https:\/\/dasa.se\/wp-content\/uploads\/2024\/11\/Dasa-Insight_Overview.jpg","width":859,"height":1236},{"@type":"BreadcrumbList","@id":"https:\/\/dasa.se\/product\/dasa-insight\/#breadcrumb","itemListElement":[{"@type":"ListItem","position":1,"name":"Home","item":"https:\/\/dasa.se\/"},{"@type":"ListItem","position":2,"name":"do not remove!","item":"https:\/\/dasa.se\/?page_id=876"},{"@type":"ListItem","position":3,"name":"Dasa Insight"}]},{"@type":"WebSite","@id":"https:\/\/dasa.se\/#website","url":"https:\/\/dasa.se\/","name":"Dasa: Styrsystem f\u00f6r h\u00f6gpresterande maskiner","description":"","publisher":{"@id":"https:\/\/dasa.se\/#organization"},"potentialAction":[{"@type":"SearchAction","target":{"@type":"EntryPoint","urlTemplate":"https:\/\/dasa.se\/?s={search_term_string}"},"query-input":{"@type":"PropertyValueSpecification","valueRequired":true,"valueName":"search_term_string"}}],"inLanguage":"sv-SE"},{"@type":"Organization","@id":"https:\/\/dasa.se\/#organization","name":"Dasa: Styrsystem f\u00f6r h\u00f6gpresterande maskiner","url":"https:\/\/dasa.se\/","logo":{"@type":"ImageObject","inLanguage":"sv-SE","@id":"https:\/\/dasa.se\/#\/schema\/logo\/image\/","url":"https:\/\/dasa.se\/wp-content\/uploads\/2024\/10\/logo3.png","contentUrl":"https:\/\/dasa.se\/wp-content\/uploads\/2024\/10\/logo3.png","width":1000,"height":320,"caption":"Dasa: High-Performance Machine Control Systems"},"image":{"@id":"https:\/\/dasa.se\/#\/schema\/logo\/image\/"},"sameAs":["https:\/\/www.linkedin.com\/company\/dasa-control-systems\/"]}]}},"_links":{"self":[{"href":"https:\/\/dasa.se\/sv\/wp-json\/wp\/v2\/product\/978","targetHints":{"allow":["GET"]}}],"collection":[{"href":"https:\/\/dasa.se\/sv\/wp-json\/wp\/v2\/product"}],"about":[{"href":"https:\/\/dasa.se\/sv\/wp-json\/wp\/v2\/types\/product"}],"wp:featuredmedia":[{"embeddable":true,"href":"https:\/\/dasa.se\/sv\/wp-json\/wp\/v2\/media\/2905"}],"wp:attachment":[{"href":"https:\/\/dasa.se\/sv\/wp-json\/wp\/v2\/media?parent=978"}],"wp:term":[{"taxonomy":"product_brand","embeddable":true,"href":"https:\/\/dasa.se\/sv\/wp-json\/wp\/v2\/product_brand?post=978"},{"taxonomy":"product_cat","embeddable":true,"href":"https:\/\/dasa.se\/sv\/wp-json\/wp\/v2\/product_cat?post=978"},{"taxonomy":"product_tag","embeddable":true,"href":"https:\/\/dasa.se\/sv\/wp-json\/wp\/v2\/product_tag?post=978"}],"curies":[{"name":"wp","href":"https:\/\/api.w.org\/{rel}","templated":true}]}}