{"id":982,"date":"2024-11-13T15:13:20","date_gmt":"2024-11-13T15:13:20","guid":{"rendered":"https:\/\/eznpp.beeweb-orange.io\/?post_type=product&#038;p=982"},"modified":"2025-10-31T09:17:44","modified_gmt":"2025-10-31T09:17:44","slug":"desx-4cs-gw","status":"publish","type":"product","link":"https:\/\/dasa.se\/sv\/produkt\/desx-4cs-gw\/","title":{"rendered":"ESX 4CS GW styrenhet"},"content":{"rendered":"<p>Ethernet-gateway f\u00f6r mobila applikationer; f\u00f6r decentraliserade systemarkitekturer \u00e4r den h\u00e4r enheten en perfekt byggsten. ESX 4CS GW \u00e4r utformad som ett kommunikationsnav mellan olika n\u00e4tverk i den professionella mobila maskinen.<\/p>\n<p>Som f\u00f6rsta representant f\u00f6r STW:s fj\u00e4rde generation av styrenheter \u00e4r ESX 4CS GW den f\u00f6rsta som har en processor med tre k\u00e4rnor (Infineon Aurix). Sex CANbus-gr\u00e4nssnitt och totalt fem Ethernet-gr\u00e4nssnitt g\u00f6r ESX.4cs-gw till ett verkligt kommunikationsunder. Med hj\u00e4lp av en managed quadruple 100 Mbit\/s Ethernet-switch kan stora datam\u00e4ngder vidarebefordras p\u00e5 ett m\u00e5linriktat s\u00e4tt i systemet utan att processorkraften f\u00f6rbrukas. Via switchen kan \u00e4ven Single Pair Ethernet (100Base-T1) och en 1 Gbit\/s Ethernet-port (1000Base-T) anv\u00e4ndas. Ytterligare en 100 Mbit\/s Ethernet-port finns tillg\u00e4nglig f\u00f6r diagnostiska \u00e4ndam\u00e5l.<\/p>\n<p>Styrenheten \u00e4r konstruerad f\u00f6r den tuffa arbetsmilj\u00f6n i mobila maskiner och \u00e4r inrymd i ett tryckgjutet aluminiumh\u00f6lje utrustat med ett tryckkompensationselement och har en t\u00e4thet p\u00e5 IP6k5k \/ IP67k, utan anv\u00e4ndning av M12-kontakter till och med upp till IP6k9k.<\/p>\n<p>ESX 4CS GW \u00e4r l\u00e4mplig f\u00f6r s\u00e4kerhetsrelaterade applikationer upp till prestandaniv\u00e5 PL d, s\u00e4kerhetsintegritetsniv\u00e5 SIL2 och ASIL B.<\/p>\n<p>&nbsp;<\/p>","protected":false},"excerpt":{"rendered":"<p>Utformad som ett kommunikationsnav mellan olika n\u00e4tverk i den professionella mobila maskinen.<\/p>","protected":false},"featured_media":1239,"template":"","meta":[],"product_brand":[],"product_cat":[56],"product_tag":[],"class_list":{"0":"post-982","1":"product","2":"type-product","3":"status-publish","4":"has-post-thumbnail","6":"product_cat-controllers","8":"first","9":"instock","10":"shipping-taxable","11":"product-type-simple"},"yoast_head":"<!-- This site is optimized with the Yoast SEO plugin v26.7 - https:\/\/yoast.com\/wordpress\/plugins\/seo\/ -->\n<title>ESX 4CS GW \u2013 Gateway Controller for Forestry Machines | Dasa<\/title>\n<meta name=\"robots\" content=\"index, follow, max-snippet:-1, max-image-preview:large, max-video-preview:-1\" \/>\n<link rel=\"canonical\" href=\"https:\/\/dasa.se\/sv\/produkt\/desx-4cs-gw\/\" \/>\n<meta property=\"og:locale\" content=\"sv_SE\" \/>\n<meta property=\"og:type\" content=\"article\" \/>\n<meta property=\"og:title\" content=\"ESX 4CS GW \u2013 Gateway Controller for Forestry Machines | Dasa\" \/>\n<meta property=\"og:description\" content=\"Designed as a communication hub between different networks in the professional mobile machine.\" \/>\n<meta property=\"og:url\" content=\"https:\/\/dasa.se\/sv\/produkt\/desx-4cs-gw\/\" \/>\n<meta property=\"og:site_name\" content=\"Dasa: High-Performance Machine Control Systems\" \/>\n<meta property=\"article:modified_time\" content=\"2025-10-31T09:17:44+00:00\" \/>\n<meta property=\"og:image\" content=\"https:\/\/dasa.se\/wp-content\/uploads\/2024\/11\/ESX.4cs-gw-scaled.jpg\" \/>\n\t<meta property=\"og:image:width\" content=\"2560\" \/>\n\t<meta property=\"og:image:height\" content=\"1707\" \/>\n\t<meta property=\"og:image:type\" content=\"image\/jpeg\" \/>\n<meta name=\"twitter:card\" content=\"summary_large_image\" \/>\n<meta name=\"twitter:label1\" content=\"Ber\u00e4knad l\u00e4stid\" \/>\n\t<meta name=\"twitter:data1\" content=\"2 minuter\" \/>\n<script type=\"application\/ld+json\" class=\"yoast-schema-graph\">{\"@context\":\"https:\/\/schema.org\",\"@graph\":[{\"@type\":[\"WebPage\",\"ItemPage\"],\"@id\":\"https:\/\/dasa.se\/product\/desx-4cs-gw\/\",\"url\":\"https:\/\/dasa.se\/product\/desx-4cs-gw\/\",\"name\":\"ESX 4CS GW \u2013 Gateway Controller for Forestry Machines | Dasa\",\"isPartOf\":{\"@id\":\"https:\/\/dasa.se\/#website\"},\"primaryImageOfPage\":{\"@id\":\"https:\/\/dasa.se\/product\/desx-4cs-gw\/#primaryimage\"},\"image\":{\"@id\":\"https:\/\/dasa.se\/product\/desx-4cs-gw\/#primaryimage\"},\"thumbnailUrl\":\"https:\/\/dasa.se\/wp-content\/uploads\/2024\/11\/ESX.4cs-gw-scaled.jpg\",\"datePublished\":\"2024-11-13T15:13:20+00:00\",\"dateModified\":\"2025-10-31T09:17:44+00:00\",\"breadcrumb\":{\"@id\":\"https:\/\/dasa.se\/product\/desx-4cs-gw\/#breadcrumb\"},\"inLanguage\":\"sv-SE\",\"potentialAction\":[{\"@type\":\"ReadAction\",\"target\":[\"https:\/\/dasa.se\/product\/desx-4cs-gw\/\"]}]},{\"@type\":\"ImageObject\",\"inLanguage\":\"sv-SE\",\"@id\":\"https:\/\/dasa.se\/product\/desx-4cs-gw\/#primaryimage\",\"url\":\"https:\/\/dasa.se\/wp-content\/uploads\/2024\/11\/ESX.4cs-gw-scaled.jpg\",\"contentUrl\":\"https:\/\/dasa.se\/wp-content\/uploads\/2024\/11\/ESX.4cs-gw-scaled.jpg\",\"width\":2560,\"height\":1707,\"caption\":\"A close-up view of a rectangular aluminum automotive engine control unit with cooling fins and two black multi-pin connector ports on a light gray background, published on www.dasa.se.\"},{\"@type\":\"BreadcrumbList\",\"@id\":\"https:\/\/dasa.se\/product\/desx-4cs-gw\/#breadcrumb\",\"itemListElement\":[{\"@type\":\"ListItem\",\"position\":1,\"name\":\"Home\",\"item\":\"https:\/\/dasa.se\/\"},{\"@type\":\"ListItem\",\"position\":2,\"name\":\"do not remove!\",\"item\":\"https:\/\/dasa.se\/?page_id=876\"},{\"@type\":\"ListItem\",\"position\":3,\"name\":\"ESX 4CS GW Control Unit\"}]},{\"@type\":\"WebSite\",\"@id\":\"https:\/\/dasa.se\/#website\",\"url\":\"https:\/\/dasa.se\/\",\"name\":\"Dasa: High-Performance Machine Control Systems\",\"description\":\"\",\"publisher\":{\"@id\":\"https:\/\/dasa.se\/#organization\"},\"potentialAction\":[{\"@type\":\"SearchAction\",\"target\":{\"@type\":\"EntryPoint\",\"urlTemplate\":\"https:\/\/dasa.se\/?s={search_term_string}\"},\"query-input\":{\"@type\":\"PropertyValueSpecification\",\"valueRequired\":true,\"valueName\":\"search_term_string\"}}],\"inLanguage\":\"sv-SE\"},{\"@type\":\"Organization\",\"@id\":\"https:\/\/dasa.se\/#organization\",\"name\":\"Dasa: High-Performance Machine Control Systems\",\"url\":\"https:\/\/dasa.se\/\",\"logo\":{\"@type\":\"ImageObject\",\"inLanguage\":\"sv-SE\",\"@id\":\"https:\/\/dasa.se\/#\/schema\/logo\/image\/\",\"url\":\"https:\/\/dasa.se\/wp-content\/uploads\/2024\/10\/logo3.png\",\"contentUrl\":\"https:\/\/dasa.se\/wp-content\/uploads\/2024\/10\/logo3.png\",\"width\":1000,\"height\":320,\"caption\":\"Dasa: High-Performance Machine Control Systems\"},\"image\":{\"@id\":\"https:\/\/dasa.se\/#\/schema\/logo\/image\/\"},\"sameAs\":[\"https:\/\/www.linkedin.com\/company\/dasa-control-systems\/\"]}]}<\/script>\n<!-- \/ Yoast SEO plugin. -->","yoast_head_json":{"title":"ESX 4CS GW - Gateway-styrenhet f\u00f6r skogsmaskiner | Dasa","robots":{"index":"index","follow":"follow","max-snippet":"max-snippet:-1","max-image-preview":"max-image-preview:large","max-video-preview":"max-video-preview:-1"},"canonical":"https:\/\/dasa.se\/sv\/produkt\/desx-4cs-gw\/","og_locale":"sv_SE","og_type":"article","og_title":"ESX 4CS GW \u2013 Gateway Controller for Forestry Machines | Dasa","og_description":"Designed as a communication hub between different networks in the professional mobile machine.","og_url":"https:\/\/dasa.se\/sv\/produkt\/desx-4cs-gw\/","og_site_name":"Dasa: High-Performance Machine Control Systems","article_modified_time":"2025-10-31T09:17:44+00:00","og_image":[{"width":2560,"height":1707,"url":"https:\/\/dasa.se\/wp-content\/uploads\/2024\/11\/ESX.4cs-gw-scaled.jpg","type":"image\/jpeg"}],"twitter_card":"summary_large_image","twitter_misc":{"Ber\u00e4knad l\u00e4stid":"2 minuter"},"schema":{"@context":"https:\/\/schema.org","@graph":[{"@type":["WebPage","ItemPage"],"@id":"https:\/\/dasa.se\/product\/desx-4cs-gw\/","url":"https:\/\/dasa.se\/product\/desx-4cs-gw\/","name":"ESX 4CS GW - Gateway-styrenhet f\u00f6r skogsmaskiner | Dasa","isPartOf":{"@id":"https:\/\/dasa.se\/#website"},"primaryImageOfPage":{"@id":"https:\/\/dasa.se\/product\/desx-4cs-gw\/#primaryimage"},"image":{"@id":"https:\/\/dasa.se\/product\/desx-4cs-gw\/#primaryimage"},"thumbnailUrl":"https:\/\/dasa.se\/wp-content\/uploads\/2024\/11\/ESX.4cs-gw-scaled.jpg","datePublished":"2024-11-13T15:13:20+00:00","dateModified":"2025-10-31T09:17:44+00:00","breadcrumb":{"@id":"https:\/\/dasa.se\/product\/desx-4cs-gw\/#breadcrumb"},"inLanguage":"sv-SE","potentialAction":[{"@type":"ReadAction","target":["https:\/\/dasa.se\/product\/desx-4cs-gw\/"]}]},{"@type":"ImageObject","inLanguage":"sv-SE","@id":"https:\/\/dasa.se\/product\/desx-4cs-gw\/#primaryimage","url":"https:\/\/dasa.se\/wp-content\/uploads\/2024\/11\/ESX.4cs-gw-scaled.jpg","contentUrl":"https:\/\/dasa.se\/wp-content\/uploads\/2024\/11\/ESX.4cs-gw-scaled.jpg","width":2560,"height":1707,"caption":"A close-up view of a rectangular aluminum automotive engine control unit with cooling fins and two black multi-pin connector ports on a light gray background, published on www.dasa.se."},{"@type":"BreadcrumbList","@id":"https:\/\/dasa.se\/product\/desx-4cs-gw\/#breadcrumb","itemListElement":[{"@type":"ListItem","position":1,"name":"Home","item":"https:\/\/dasa.se\/"},{"@type":"ListItem","position":2,"name":"do not remove!","item":"https:\/\/dasa.se\/?page_id=876"},{"@type":"ListItem","position":3,"name":"ESX 4CS GW Control Unit"}]},{"@type":"WebSite","@id":"https:\/\/dasa.se\/#website","url":"https:\/\/dasa.se\/","name":"Dasa: Styrsystem f\u00f6r h\u00f6gpresterande maskiner","description":"","publisher":{"@id":"https:\/\/dasa.se\/#organization"},"potentialAction":[{"@type":"SearchAction","target":{"@type":"EntryPoint","urlTemplate":"https:\/\/dasa.se\/?s={search_term_string}"},"query-input":{"@type":"PropertyValueSpecification","valueRequired":true,"valueName":"search_term_string"}}],"inLanguage":"sv-SE"},{"@type":"Organization","@id":"https:\/\/dasa.se\/#organization","name":"Dasa: Styrsystem f\u00f6r h\u00f6gpresterande maskiner","url":"https:\/\/dasa.se\/","logo":{"@type":"ImageObject","inLanguage":"sv-SE","@id":"https:\/\/dasa.se\/#\/schema\/logo\/image\/","url":"https:\/\/dasa.se\/wp-content\/uploads\/2024\/10\/logo3.png","contentUrl":"https:\/\/dasa.se\/wp-content\/uploads\/2024\/10\/logo3.png","width":1000,"height":320,"caption":"Dasa: High-Performance Machine Control Systems"},"image":{"@id":"https:\/\/dasa.se\/#\/schema\/logo\/image\/"},"sameAs":["https:\/\/www.linkedin.com\/company\/dasa-control-systems\/"]}]}},"_links":{"self":[{"href":"https:\/\/dasa.se\/sv\/wp-json\/wp\/v2\/product\/982","targetHints":{"allow":["GET"]}}],"collection":[{"href":"https:\/\/dasa.se\/sv\/wp-json\/wp\/v2\/product"}],"about":[{"href":"https:\/\/dasa.se\/sv\/wp-json\/wp\/v2\/types\/product"}],"wp:featuredmedia":[{"embeddable":true,"href":"https:\/\/dasa.se\/sv\/wp-json\/wp\/v2\/media\/1239"}],"wp:attachment":[{"href":"https:\/\/dasa.se\/sv\/wp-json\/wp\/v2\/media?parent=982"}],"wp:term":[{"taxonomy":"product_brand","embeddable":true,"href":"https:\/\/dasa.se\/sv\/wp-json\/wp\/v2\/product_brand?post=982"},{"taxonomy":"product_cat","embeddable":true,"href":"https:\/\/dasa.se\/sv\/wp-json\/wp\/v2\/product_cat?post=982"},{"taxonomy":"product_tag","embeddable":true,"href":"https:\/\/dasa.se\/sv\/wp-json\/wp\/v2\/product_tag?post=982"}],"curies":[{"name":"wp","href":"https:\/\/api.w.org\/{rel}","templated":true}]}}