{"id":984,"date":"2024-11-13T15:14:07","date_gmt":"2024-11-13T15:14:07","guid":{"rendered":"https:\/\/eznpp.beeweb-orange.io\/?post_type=product&#038;p=984"},"modified":"2025-10-31T08:41:22","modified_gmt":"2025-10-31T08:41:22","slug":"bcx-3c","status":"publish","type":"product","link":"https:\/\/dasa.se\/sv\/produkt\/bcx-3c\/","title":{"rendered":"BCX 3C Karosseristyrningsenhet"},"content":{"rendered":"<p>BCX-produktfamiljen ansvarar f\u00f6r s\u00e4kring, distribution, omkoppling och styrning av elektrisk energi i ett fordon. F\u00f6rutom att skydda de enskilda str\u00f6mkretsarna kan st\u00f6rre f\u00f6rbrukare som lampor, belysning, luftkonditioneringssystem och v\u00e4rmesystem aktiveras eller styras direkt. Beroende p\u00e5 utbyggnadsniv\u00e5 kan BCX 3C integreras i fordonets CANbus-n\u00e4tverk.  En ytterligare f\u00f6rdel \u00e4r implementeringen av kundspecifik programvara. Detta g\u00f6r det m\u00f6jligt att koppla samman in- och utg\u00e5ngar via programvara enligt individuella krav. Anslutningarna till kringutrustningen sker via robusta kontaktdon som \u00e4r l\u00e4mpliga f\u00f6r mobil anv\u00e4ndning. Anv\u00e4ndarna f\u00e5r funktions- och kostnadsoptimerade l\u00f6sningar med f\u00e4lttestad teknik genom standardl\u00f6sningar, men ocks\u00e5 genom kundspecifik design och produktion.<\/p>\n<p>F\u00f6rdelar med att anv\u00e4nda BCX 3C: Antalet kablage i fordonet minskas avsev\u00e4rt och kan utformas mer flexibelt. Enkel och snabb installation tack vare tydliga och kompakta montage utan specialverktyg (t.ex. crimpt\u00e5ng). Installation m\u00f6jlig utan f\u00f6rkunskaper. Enkel feldiagnos vid defekta komponenter. Betydande reduktion av gr\u00e4nssnitt. Idealisk f\u00f6r ogynnsamma omgivningsf\u00f6rh\u00e5llanden (vibrationer, temperatur etc). Problemfri utbyggnad av systemet tack vare den modul\u00e4ra uppbyggnaden och kompatibiliteten med STW-komponenter. Leverans av komplett utrustad centralelektrik inkl. kretskort tryckta enligt krav (kontaktm\u00e4rkning, vridmoment etc.)<\/p>\n<p>&nbsp;<\/p>","protected":false},"excerpt":{"rendered":"<p>BCX 3C, effektiv s\u00e4kring, distribution och diagnos av str\u00f6m p\u00e5 minsta m\u00f6jliga utrymme och med minimal installationsinsats.<\/p>","protected":false},"featured_media":1242,"template":"","meta":[],"product_brand":[],"product_cat":[55,60],"product_tag":[],"class_list":{"0":"post-984","1":"product","2":"type-product","3":"status-publish","4":"has-post-thumbnail","6":"product_cat-electrical-systems","7":"product_cat-smart-electrical-systems","9":"first","10":"instock","11":"shipping-taxable","12":"product-type-simple"},"yoast_head":"<!-- This site is optimized with the Yoast SEO plugin v26.7 - https:\/\/yoast.com\/wordpress\/plugins\/seo\/ -->\n<title>BCX 3C \u2013 Body Control Unit for Forestry Machines | Dasa<\/title>\n<meta name=\"robots\" content=\"index, follow, max-snippet:-1, max-image-preview:large, max-video-preview:-1\" \/>\n<link rel=\"canonical\" href=\"https:\/\/dasa.se\/sv\/produkt\/bcx-3c\/\" \/>\n<meta property=\"og:locale\" content=\"sv_SE\" \/>\n<meta property=\"og:type\" content=\"article\" \/>\n<meta property=\"og:title\" content=\"BCX 3C \u2013 Body Control Unit for Forestry Machines | Dasa\" \/>\n<meta property=\"og:description\" content=\"BCX 3C, efficient safeguarding, distribution and diagnosis of power within the smallest possible space and with minimum installation effort.\" \/>\n<meta property=\"og:url\" content=\"https:\/\/dasa.se\/sv\/produkt\/bcx-3c\/\" \/>\n<meta property=\"og:site_name\" content=\"Dasa: High-Performance Machine Control Systems\" \/>\n<meta property=\"article:modified_time\" content=\"2025-10-31T08:41:22+00:00\" \/>\n<meta property=\"og:image\" content=\"https:\/\/dasa.se\/wp-content\/uploads\/2024\/11\/BCX-scaled.jpg\" \/>\n\t<meta property=\"og:image:width\" content=\"2560\" \/>\n\t<meta property=\"og:image:height\" content=\"1707\" \/>\n\t<meta property=\"og:image:type\" content=\"image\/jpeg\" \/>\n<meta name=\"twitter:card\" content=\"summary_large_image\" \/>\n<meta name=\"twitter:label1\" content=\"Ber\u00e4knad l\u00e4stid\" \/>\n\t<meta name=\"twitter:data1\" content=\"2 minuter\" \/>\n<script type=\"application\/ld+json\" class=\"yoast-schema-graph\">{\"@context\":\"https:\/\/schema.org\",\"@graph\":[{\"@type\":[\"WebPage\",\"ItemPage\"],\"@id\":\"https:\/\/dasa.se\/product\/bcx-3c\/\",\"url\":\"https:\/\/dasa.se\/product\/bcx-3c\/\",\"name\":\"BCX 3C \u2013 Body Control Unit for Forestry Machines | Dasa\",\"isPartOf\":{\"@id\":\"https:\/\/dasa.se\/#website\"},\"primaryImageOfPage\":{\"@id\":\"https:\/\/dasa.se\/product\/bcx-3c\/#primaryimage\"},\"image\":{\"@id\":\"https:\/\/dasa.se\/product\/bcx-3c\/#primaryimage\"},\"thumbnailUrl\":\"https:\/\/dasa.se\/wp-content\/uploads\/2024\/11\/BCX-scaled.jpg\",\"datePublished\":\"2024-11-13T15:14:07+00:00\",\"dateModified\":\"2025-10-31T08:41:22+00:00\",\"breadcrumb\":{\"@id\":\"https:\/\/dasa.se\/product\/bcx-3c\/#breadcrumb\"},\"inLanguage\":\"sv-SE\",\"potentialAction\":[{\"@type\":\"ReadAction\",\"target\":[\"https:\/\/dasa.se\/product\/bcx-3c\/\"]}]},{\"@type\":\"ImageObject\",\"inLanguage\":\"sv-SE\",\"@id\":\"https:\/\/dasa.se\/product\/bcx-3c\/#primaryimage\",\"url\":\"https:\/\/dasa.se\/wp-content\/uploads\/2024\/11\/BCX-scaled.jpg\",\"contentUrl\":\"https:\/\/dasa.se\/wp-content\/uploads\/2024\/11\/BCX-scaled.jpg\",\"width\":2560,\"height\":1707},{\"@type\":\"BreadcrumbList\",\"@id\":\"https:\/\/dasa.se\/product\/bcx-3c\/#breadcrumb\",\"itemListElement\":[{\"@type\":\"ListItem\",\"position\":1,\"name\":\"Home\",\"item\":\"https:\/\/dasa.se\/\"},{\"@type\":\"ListItem\",\"position\":2,\"name\":\"do not remove!\",\"item\":\"https:\/\/dasa.se\/?page_id=876\"},{\"@type\":\"ListItem\",\"position\":3,\"name\":\"BCX 3C Body Control Unit\"}]},{\"@type\":\"WebSite\",\"@id\":\"https:\/\/dasa.se\/#website\",\"url\":\"https:\/\/dasa.se\/\",\"name\":\"Dasa: High-Performance Machine Control Systems\",\"description\":\"\",\"publisher\":{\"@id\":\"https:\/\/dasa.se\/#organization\"},\"potentialAction\":[{\"@type\":\"SearchAction\",\"target\":{\"@type\":\"EntryPoint\",\"urlTemplate\":\"https:\/\/dasa.se\/?s={search_term_string}\"},\"query-input\":{\"@type\":\"PropertyValueSpecification\",\"valueRequired\":true,\"valueName\":\"search_term_string\"}}],\"inLanguage\":\"sv-SE\"},{\"@type\":\"Organization\",\"@id\":\"https:\/\/dasa.se\/#organization\",\"name\":\"Dasa: High-Performance Machine Control Systems\",\"url\":\"https:\/\/dasa.se\/\",\"logo\":{\"@type\":\"ImageObject\",\"inLanguage\":\"sv-SE\",\"@id\":\"https:\/\/dasa.se\/#\/schema\/logo\/image\/\",\"url\":\"https:\/\/dasa.se\/wp-content\/uploads\/2024\/10\/logo3.png\",\"contentUrl\":\"https:\/\/dasa.se\/wp-content\/uploads\/2024\/10\/logo3.png\",\"width\":1000,\"height\":320,\"caption\":\"Dasa: High-Performance Machine Control Systems\"},\"image\":{\"@id\":\"https:\/\/dasa.se\/#\/schema\/logo\/image\/\"},\"sameAs\":[\"https:\/\/www.linkedin.com\/company\/dasa-control-systems\/\"]}]}<\/script>\n<!-- \/ Yoast SEO plugin. -->","yoast_head_json":{"title":"BCX 3C - Karosseristyrningsenhet f\u00f6r skogsmaskiner | Dasa","robots":{"index":"index","follow":"follow","max-snippet":"max-snippet:-1","max-image-preview":"max-image-preview:large","max-video-preview":"max-video-preview:-1"},"canonical":"https:\/\/dasa.se\/sv\/produkt\/bcx-3c\/","og_locale":"sv_SE","og_type":"article","og_title":"BCX 3C \u2013 Body Control Unit for Forestry Machines | Dasa","og_description":"BCX 3C, efficient safeguarding, distribution and diagnosis of power within the smallest possible space and with minimum installation effort.","og_url":"https:\/\/dasa.se\/sv\/produkt\/bcx-3c\/","og_site_name":"Dasa: High-Performance Machine Control Systems","article_modified_time":"2025-10-31T08:41:22+00:00","og_image":[{"width":2560,"height":1707,"url":"https:\/\/dasa.se\/wp-content\/uploads\/2024\/11\/BCX-scaled.jpg","type":"image\/jpeg"}],"twitter_card":"summary_large_image","twitter_misc":{"Ber\u00e4knad l\u00e4stid":"2 minuter"},"schema":{"@context":"https:\/\/schema.org","@graph":[{"@type":["WebPage","ItemPage"],"@id":"https:\/\/dasa.se\/product\/bcx-3c\/","url":"https:\/\/dasa.se\/product\/bcx-3c\/","name":"BCX 3C - Karosseristyrningsenhet f\u00f6r skogsmaskiner | Dasa","isPartOf":{"@id":"https:\/\/dasa.se\/#website"},"primaryImageOfPage":{"@id":"https:\/\/dasa.se\/product\/bcx-3c\/#primaryimage"},"image":{"@id":"https:\/\/dasa.se\/product\/bcx-3c\/#primaryimage"},"thumbnailUrl":"https:\/\/dasa.se\/wp-content\/uploads\/2024\/11\/BCX-scaled.jpg","datePublished":"2024-11-13T15:14:07+00:00","dateModified":"2025-10-31T08:41:22+00:00","breadcrumb":{"@id":"https:\/\/dasa.se\/product\/bcx-3c\/#breadcrumb"},"inLanguage":"sv-SE","potentialAction":[{"@type":"ReadAction","target":["https:\/\/dasa.se\/product\/bcx-3c\/"]}]},{"@type":"ImageObject","inLanguage":"sv-SE","@id":"https:\/\/dasa.se\/product\/bcx-3c\/#primaryimage","url":"https:\/\/dasa.se\/wp-content\/uploads\/2024\/11\/BCX-scaled.jpg","contentUrl":"https:\/\/dasa.se\/wp-content\/uploads\/2024\/11\/BCX-scaled.jpg","width":2560,"height":1707},{"@type":"BreadcrumbList","@id":"https:\/\/dasa.se\/product\/bcx-3c\/#breadcrumb","itemListElement":[{"@type":"ListItem","position":1,"name":"Home","item":"https:\/\/dasa.se\/"},{"@type":"ListItem","position":2,"name":"do not remove!","item":"https:\/\/dasa.se\/?page_id=876"},{"@type":"ListItem","position":3,"name":"BCX 3C Body Control Unit"}]},{"@type":"WebSite","@id":"https:\/\/dasa.se\/#website","url":"https:\/\/dasa.se\/","name":"Dasa: Styrsystem f\u00f6r h\u00f6gpresterande maskiner","description":"","publisher":{"@id":"https:\/\/dasa.se\/#organization"},"potentialAction":[{"@type":"SearchAction","target":{"@type":"EntryPoint","urlTemplate":"https:\/\/dasa.se\/?s={search_term_string}"},"query-input":{"@type":"PropertyValueSpecification","valueRequired":true,"valueName":"search_term_string"}}],"inLanguage":"sv-SE"},{"@type":"Organization","@id":"https:\/\/dasa.se\/#organization","name":"Dasa: Styrsystem f\u00f6r h\u00f6gpresterande maskiner","url":"https:\/\/dasa.se\/","logo":{"@type":"ImageObject","inLanguage":"sv-SE","@id":"https:\/\/dasa.se\/#\/schema\/logo\/image\/","url":"https:\/\/dasa.se\/wp-content\/uploads\/2024\/10\/logo3.png","contentUrl":"https:\/\/dasa.se\/wp-content\/uploads\/2024\/10\/logo3.png","width":1000,"height":320,"caption":"Dasa: High-Performance Machine Control Systems"},"image":{"@id":"https:\/\/dasa.se\/#\/schema\/logo\/image\/"},"sameAs":["https:\/\/www.linkedin.com\/company\/dasa-control-systems\/"]}]}},"_links":{"self":[{"href":"https:\/\/dasa.se\/sv\/wp-json\/wp\/v2\/product\/984","targetHints":{"allow":["GET"]}}],"collection":[{"href":"https:\/\/dasa.se\/sv\/wp-json\/wp\/v2\/product"}],"about":[{"href":"https:\/\/dasa.se\/sv\/wp-json\/wp\/v2\/types\/product"}],"wp:featuredmedia":[{"embeddable":true,"href":"https:\/\/dasa.se\/sv\/wp-json\/wp\/v2\/media\/1242"}],"wp:attachment":[{"href":"https:\/\/dasa.se\/sv\/wp-json\/wp\/v2\/media?parent=984"}],"wp:term":[{"taxonomy":"product_brand","embeddable":true,"href":"https:\/\/dasa.se\/sv\/wp-json\/wp\/v2\/product_brand?post=984"},{"taxonomy":"product_cat","embeddable":true,"href":"https:\/\/dasa.se\/sv\/wp-json\/wp\/v2\/product_cat?post=984"},{"taxonomy":"product_tag","embeddable":true,"href":"https:\/\/dasa.se\/sv\/wp-json\/wp\/v2\/product_tag?post=984"}],"curies":[{"name":"wp","href":"https:\/\/api.w.org\/{rel}","templated":true}]}}